{"id":458,"date":"2023-09-29T15:40:13","date_gmt":"2023-09-29T15:40:13","guid":{"rendered":"https:\/\/laughing-turing.82-223-217-119.plesk.page\/?page_id=458"},"modified":"2025-01-14T12:12:47","modified_gmt":"2025-01-14T12:12:47","slug":"privacidad","status":"publish","type":"page","link":"https:\/\/laporketaserrallo.com\/ca\/privacidad\/","title":{"rendered":"Privacidad"},"content":{"rendered":"<p>[et_pb_section fb_built=&#8221;1&#8243; custom_padding_last_edited=&#8221;on|desktop&#8221; _builder_version=&#8221;4.22.2&#8243; _module_preset=&#8221;default&#8221; custom_padding=&#8221;150px||||false|false&#8221; custom_padding_tablet=&#8221;150px||||false|false&#8221; custom_padding_phone=&#8221;70px||||false|false&#8221; locked=&#8221;off&#8221; global_colors_info=&#8221;{}&#8221;][et_pb_row _builder_version=&#8221;4.22.2&#8243; _module_preset=&#8221;default&#8221; width_tablet=&#8221;&#8221; width_phone=&#8221;90%&#8221; width_last_edited=&#8221;on|phone&#8221; global_colors_info=&#8221;{}&#8221; custom_padding=&#8221;|||0px||&#8221;][et_pb_column type=&#8221;4_4&#8243; _builder_version=&#8221;4.22.2&#8243; _module_preset=&#8221;default&#8221; global_colors_info=&#8221;{}&#8221;][et_pb_text _builder_version=&#8221;4.22.2&#8243; _module_preset=&#8221;default&#8221; text_font=&#8221;Montserrat||||||||&#8221; text_text_color=&#8221;#002F63&#8243; header_font=&#8221;Adam||||||||&#8221; header_text_color=&#8221;#BBA25C&#8221; header_2_font=&#8221;Adam||||||||&#8221; header_2_text_color=&#8221;#002F63&#8243; header_2_font_size=&#8221;20px&#8221; header_3_font=&#8221;Adam||||||||&#8221; header_3_text_color=&#8221;#002F63&#8243; header_3_font_size=&#8221;20px&#8221; header_4_font=&#8221;Adam||||||||&#8221; header_4_text_color=&#8221;#002F63&#8243; header_5_font=&#8221;Adam||||||||&#8221; header_5_text_color=&#8221;#002F63&#8243; global_colors_info=&#8221;{}&#8221;]<\/p>\n<h1 class=\"privacy-policy-h1\"><span>Pol\u00edtica de privacidad<\/span><br \/><span>actualizada por \u00faltima vez el 29 de septiembre de 2023<\/span><br \/><span>Fecha de entrada en vigor 29 de septiembre de 2023<\/span><\/h1>\n<p class=\"accssme-widget-text\">La entidad La Porketa del SErrallo se ha comprometido a hacer accesible su sitio web de conformidad con el<span>\u00a0<\/span><a class=\"accssme-widget-links accssme-widget-text\" href=\"http:\/\/www.boe.es\/diario_boe\/txt.php?id=BOE-A-2018-12699\" target=\"_blank\" rel=\"noreferrer noopener\">Real Decreto 1112\/2018, de 7 de septiembre, sobre accesibilidad de los sitios web y aplicaciones para dispositivos m\u00f3viles del sector p\u00fablico.<\/a><\/p>\n<p class=\"accssme-widget-text\">La presente declaraci\u00f3n de accesibilidad se aplica al sitio web\u00a0<a class=\"accssme-widget-links accssme-widget-text\" href=\"https:\/\/jmarinrealestate.com\/\" target=\"_blank\" rel=\"noopener\">https:\/\/laporketaserrallo.com\u00a0\u00a0\u00a0\u00a0\u00a0\u00a0\u00a0\u00a0\u00a0\u00a0\u00a0\u00a0\u00a0\u00a0\u00a0\u00a0\u00a0\u00a0<\/a><\/p>\n<h2 class=\"privacy-policy-h2\"><\/h2>\n<h2 class=\"privacy-policy-h2\">Situaci\u00f3n de cumplimiento<span>:<\/span><\/h2>\n<p class=\"privacy-policy-p\"><span>Este sitio web es <\/span><strong class=\"accssme-widget-text\">parcialmente conforme\u00a0<\/strong><span>con el RD 1112\/2018 debido a las excepciones y a la falta de conformidad de los aspectos que se indican a continuaci\u00f3n.<\/span><\/p>\n<h2 class=\"wp-block-heading accssme-widget-titles\">Contenido no accesible:<\/h2>\n<p class=\"privacy-policy-p\"><span>Para obtener m\u00e1s informaci\u00f3n sobre c\u00f3mo las utilizamos y sus opciones en relaci\u00f3n con estas tecnolog\u00edas de seguimiento, consulte nuestra<\/span><\/p>\n<ol class=\"privacy-policy-ol\">\n<li>\n<h2 class=\"privacy-policy-h2\"><span>SEGURIDAD:<\/span><\/h2>\n<p class=\"privacy-policy-p\"><span>La seguridad de su informaci\u00f3n es importante para nosotros y utilizaremos medidas de seguridad razonables para evitar la p\u00e9rdida, el uso indebido o la alteraci\u00f3n no autorizada de su informaci\u00f3n bajo nuestro control.\u00a0Sin embargo, dados los riesgos inherentes, no podemos garantizar una seguridad absoluta y, en consecuencia, no podemos asegurar ni garantizar la seguridad de la informaci\u00f3n que usted nos transmite y lo hace bajo su propio riesgo.<\/span><\/p>\n<\/li>\n<li>\n<h2 class=\"privacy-policy-h2\"><span>DELEGADO DE QUEJAS\/PROTECCI\u00d3N DE DATOS:<\/span><\/h2>\n<p class=\"privacy-policy-p\"><span>Si tiene alguna consulta o inquietud sobre el procesamiento de su informaci\u00f3n que est\u00e1 disponible con nosotros, puede enviar un correo electr\u00f3nico a nuestro Oficial de Reclamaciones en La Porketa, Carrer Mallorca, 8, Calafell, Tarragona, Espa\u00f1a, correo electr\u00f3nico: santiago@factor360.es.\u00a0Atenderemos sus inquietudes de acuerdo con la ley aplicable.<\/span><\/p>\n<\/li>\n<\/ol>\n<p class=\"privacy-policy-p\"><span>Pol\u00edtica de privacidad generada con\u00a0<\/span><a target=\"_blank\" href=\"https:\/\/www.cookieyes.com\/?utm_source=PP&amp;utm_medium=footer&amp;utm_campaign=UW\" rel=\"noopener\"><span>CookieS\u00ed<\/span><\/a><span>\u00a0.<\/span><\/p>\n<p>[\/et_pb_text][\/et_pb_column][\/et_pb_row][\/et_pb_section]<\/p>\n","protected":false},"excerpt":{"rendered":"<p>Pol\u00edtica de privacidadactualizada por \u00faltima vez el 29 de septiembre de 2023Fecha de entrada en vigor 29 de septiembre de 2023 La entidad La Porketa del SErrallo se ha comprometido a hacer accesible su sitio web de conformidad con el\u00a0Real Decreto 1112\/2018, de 7 de septiembre, sobre accesibilidad de los sitios web y aplicaciones para dispositivos m\u00f3viles del sector p\u00fablico. La presente declaraci\u00f3n de accesibilidad se aplica al sitio web\u00a0https:\/\/laporketaserrallo.com\u00a0\u00a0\u00a0\u00a0\u00a0\u00a0\u00a0\u00a0\u00a0\u00a0\u00a0\u00a0\u00a0\u00a0\u00a0\u00a0\u00a0\u00a0 Situaci\u00f3n de cumplimiento: Este sitio web es parcialmente conforme\u00a0con el RD 1112\/2018 debido a las excepciones y a la falta de conformidad de los aspectos que se indican a continuaci\u00f3n. Contenido no accesible: Para obtener m\u00e1s informaci\u00f3n sobre c\u00f3mo las utilizamos y sus opciones en relaci\u00f3n con estas tecnolog\u00edas de seguimiento, consulte nuestra SEGURIDAD: La seguridad de su informaci\u00f3n es importante para nosotros y utilizaremos medidas de seguridad razonables para evitar la p\u00e9rdida, el uso indebido o la alteraci\u00f3n no autorizada de su informaci\u00f3n bajo nuestro control.\u00a0Sin embargo, dados los riesgos inherentes, no podemos garantizar una seguridad absoluta y, en consecuencia, no podemos asegurar ni garantizar la seguridad de la informaci\u00f3n que usted nos transmite y lo hace bajo su propio riesgo. DELEGADO DE QUEJAS\/PROTECCI\u00d3N DE DATOS: Si tiene alguna [&hellip;]<\/p>\n","protected":false},"author":1,"featured_media":0,"parent":0,"menu_order":0,"comment_status":"closed","ping_status":"closed","template":"","meta":{"_acf_changed":false,"_et_pb_use_builder":"on","_et_pb_old_content":"","_et_gb_content_width":"","footnotes":""},"dipi_cpt_category":[],"class_list":["post-458","page","type-page","status-publish","hentry"],"acf":[],"yoast_head":"<!-- This site is optimized with the Yoast SEO plugin v27.5 - https:\/\/yoast.com\/product\/yoast-seo-wordpress\/ -->\n<title>Privacidad - La Porketa<\/title>\n<meta name=\"robots\" content=\"index, follow, max-snippet:-1, max-image-preview:large, max-video-preview:-1\" \/>\n<link rel=\"canonical\" href=\"https:\/\/laporketaserrallo.com\/ca\/privacidad\/\" \/>\n<meta property=\"og:locale\" content=\"ca_ES\" \/>\n<meta property=\"og:type\" content=\"article\" \/>\n<meta property=\"og:title\" content=\"Privacidad - La Porketa\" \/>\n<meta property=\"og:description\" content=\"Pol\u00edtica de privacidadactualizada por \u00faltima vez el 29 de septiembre de 2023Fecha de entrada en vigor 29 de septiembre de 2023 La entidad La Porketa del SErrallo se ha comprometido a hacer accesible su sitio web de conformidad con el\u00a0Real Decreto 1112\/2018, de 7 de septiembre, sobre accesibilidad de los sitios web y aplicaciones para dispositivos m\u00f3viles del sector p\u00fablico. La presente declaraci\u00f3n de accesibilidad se aplica al sitio web\u00a0https:\/\/laporketaserrallo.com\u00a0\u00a0\u00a0\u00a0\u00a0\u00a0\u00a0\u00a0\u00a0\u00a0\u00a0\u00a0\u00a0\u00a0\u00a0\u00a0\u00a0\u00a0 Situaci\u00f3n de cumplimiento: Este sitio web es parcialmente conforme\u00a0con el RD 1112\/2018 debido a las excepciones y a la falta de conformidad de los aspectos que se indican a continuaci\u00f3n. Contenido no accesible: Para obtener m\u00e1s informaci\u00f3n sobre c\u00f3mo las utilizamos y sus opciones en relaci\u00f3n con estas tecnolog\u00edas de seguimiento, consulte nuestra SEGURIDAD: La seguridad de su informaci\u00f3n es importante para nosotros y utilizaremos medidas de seguridad razonables para evitar la p\u00e9rdida, el uso indebido o la alteraci\u00f3n no autorizada de su informaci\u00f3n bajo nuestro control.\u00a0Sin embargo, dados los riesgos inherentes, no podemos garantizar una seguridad absoluta y, en consecuencia, no podemos asegurar ni garantizar la seguridad de la informaci\u00f3n que usted nos transmite y lo hace bajo su propio riesgo. DELEGADO DE QUEJAS\/PROTECCI\u00d3N DE DATOS: Si tiene alguna [&hellip;]\" \/>\n<meta property=\"og:url\" content=\"https:\/\/laporketaserrallo.com\/ca\/wp-json\/wp\/v2\/pages\/458\" \/>\n<meta property=\"og:site_name\" content=\"La Porketa\" \/>\n<meta property=\"article:modified_time\" content=\"2025-01-14T12:12:47+00:00\" \/>\n<meta name=\"twitter:card\" content=\"summary_large_image\" \/>\n<meta name=\"twitter:label1\" content=\"Temps estimat de lectura\" \/>\n\t<meta name=\"twitter:data1\" content=\"2 minuts\" \/>\n<script type=\"application\/ld+json\" class=\"yoast-schema-graph\">{\"@context\":\"https:\\\/\\\/schema.org\",\"@graph\":[{\"@type\":\"WebPage\",\"@id\":\"https:\\\/\\\/laporketaserrallo.com\\\/privacidad\\\/\",\"url\":\"https:\\\/\\\/laporketaserrallo.com\\\/privacidad\\\/\",\"name\":\"Privacidad - La Porketa\",\"isPartOf\":{\"@id\":\"https:\\\/\\\/laporketaserrallo.com\\\/#website\"},\"datePublished\":\"2023-09-29T15:40:13+00:00\",\"dateModified\":\"2025-01-14T12:12:47+00:00\",\"breadcrumb\":{\"@id\":\"https:\\\/\\\/laporketaserrallo.com\\\/privacidad\\\/#breadcrumb\"},\"inLanguage\":\"ca\",\"potentialAction\":[{\"@type\":\"ReadAction\",\"target\":[\"https:\\\/\\\/laporketaserrallo.com\\\/privacidad\\\/\"]}]},{\"@type\":\"BreadcrumbList\",\"@id\":\"https:\\\/\\\/laporketaserrallo.com\\\/privacidad\\\/#breadcrumb\",\"itemListElement\":[{\"@type\":\"ListItem\",\"position\":1,\"name\":\"Portada\",\"item\":\"https:\\\/\\\/laporketaserrallo.com\\\/\"},{\"@type\":\"ListItem\",\"position\":2,\"name\":\"Privacidad\"}]},{\"@type\":\"WebSite\",\"@id\":\"https:\\\/\\\/laporketaserrallo.com\\\/#website\",\"url\":\"https:\\\/\\\/laporketaserrallo.com\\\/\",\"name\":\"La Porketa\",\"description\":\"Arrosseria del mar\",\"potentialAction\":[{\"@type\":\"SearchAction\",\"target\":{\"@type\":\"EntryPoint\",\"urlTemplate\":\"https:\\\/\\\/laporketaserrallo.com\\\/?s={search_term_string}\"},\"query-input\":{\"@type\":\"PropertyValueSpecification\",\"valueRequired\":true,\"valueName\":\"search_term_string\"}}],\"inLanguage\":\"ca\"}]}<\/script>\n<!-- \/ Yoast SEO plugin. -->","yoast_head_json":{"title":"Privacidad - La Porketa","robots":{"index":"index","follow":"follow","max-snippet":"max-snippet:-1","max-image-preview":"max-image-preview:large","max-video-preview":"max-video-preview:-1"},"canonical":"https:\/\/laporketaserrallo.com\/ca\/privacidad\/","og_locale":"ca_ES","og_type":"article","og_title":"Privacidad - La Porketa","og_description":"Pol\u00edtica de privacidadactualizada por \u00faltima vez el 29 de septiembre de 2023Fecha de entrada en vigor 29 de septiembre de 2023 La entidad La Porketa del SErrallo se ha comprometido a hacer accesible su sitio web de conformidad con el\u00a0Real Decreto 1112\/2018, de 7 de septiembre, sobre accesibilidad de los sitios web y aplicaciones para dispositivos m\u00f3viles del sector p\u00fablico. La presente declaraci\u00f3n de accesibilidad se aplica al sitio web\u00a0https:\/\/laporketaserrallo.com\u00a0\u00a0\u00a0\u00a0\u00a0\u00a0\u00a0\u00a0\u00a0\u00a0\u00a0\u00a0\u00a0\u00a0\u00a0\u00a0\u00a0\u00a0 Situaci\u00f3n de cumplimiento: Este sitio web es parcialmente conforme\u00a0con el RD 1112\/2018 debido a las excepciones y a la falta de conformidad de los aspectos que se indican a continuaci\u00f3n. Contenido no accesible: Para obtener m\u00e1s informaci\u00f3n sobre c\u00f3mo las utilizamos y sus opciones en relaci\u00f3n con estas tecnolog\u00edas de seguimiento, consulte nuestra SEGURIDAD: La seguridad de su informaci\u00f3n es importante para nosotros y utilizaremos medidas de seguridad razonables para evitar la p\u00e9rdida, el uso indebido o la alteraci\u00f3n no autorizada de su informaci\u00f3n bajo nuestro control.\u00a0Sin embargo, dados los riesgos inherentes, no podemos garantizar una seguridad absoluta y, en consecuencia, no podemos asegurar ni garantizar la seguridad de la informaci\u00f3n que usted nos transmite y lo hace bajo su propio riesgo. DELEGADO DE QUEJAS\/PROTECCI\u00d3N DE DATOS: Si tiene alguna [&hellip;]","og_url":"https:\/\/laporketaserrallo.com\/ca\/wp-json\/wp\/v2\/pages\/458","og_site_name":"La Porketa","article_modified_time":"2025-01-14T12:12:47+00:00","twitter_card":"summary_large_image","twitter_misc":{"Temps estimat de lectura":"2 minuts"},"schema":{"@context":"https:\/\/schema.org","@graph":[{"@type":"WebPage","@id":"https:\/\/laporketaserrallo.com\/privacidad\/","url":"https:\/\/laporketaserrallo.com\/privacidad\/","name":"Privacidad - La Porketa","isPartOf":{"@id":"https:\/\/laporketaserrallo.com\/#website"},"datePublished":"2023-09-29T15:40:13+00:00","dateModified":"2025-01-14T12:12:47+00:00","breadcrumb":{"@id":"https:\/\/laporketaserrallo.com\/privacidad\/#breadcrumb"},"inLanguage":"ca","potentialAction":[{"@type":"ReadAction","target":["https:\/\/laporketaserrallo.com\/privacidad\/"]}]},{"@type":"BreadcrumbList","@id":"https:\/\/laporketaserrallo.com\/privacidad\/#breadcrumb","itemListElement":[{"@type":"ListItem","position":1,"name":"Portada","item":"https:\/\/laporketaserrallo.com\/"},{"@type":"ListItem","position":2,"name":"Privacidad"}]},{"@type":"WebSite","@id":"https:\/\/laporketaserrallo.com\/#website","url":"https:\/\/laporketaserrallo.com\/","name":"La Porketa","description":"Arrosseria del mar","potentialAction":[{"@type":"SearchAction","target":{"@type":"EntryPoint","urlTemplate":"https:\/\/laporketaserrallo.com\/?s={search_term_string}"},"query-input":{"@type":"PropertyValueSpecification","valueRequired":true,"valueName":"search_term_string"}}],"inLanguage":"ca"}]}},"_links":{"self":[{"href":"https:\/\/laporketaserrallo.com\/ca\/wp-json\/wp\/v2\/pages\/458","targetHints":{"allow":["GET"]}}],"collection":[{"href":"https:\/\/laporketaserrallo.com\/ca\/wp-json\/wp\/v2\/pages"}],"about":[{"href":"https:\/\/laporketaserrallo.com\/ca\/wp-json\/wp\/v2\/types\/page"}],"author":[{"embeddable":true,"href":"https:\/\/laporketaserrallo.com\/ca\/wp-json\/wp\/v2\/users\/1"}],"replies":[{"embeddable":true,"href":"https:\/\/laporketaserrallo.com\/ca\/wp-json\/wp\/v2\/comments?post=458"}],"version-history":[{"count":5,"href":"https:\/\/laporketaserrallo.com\/ca\/wp-json\/wp\/v2\/pages\/458\/revisions"}],"predecessor-version":[{"id":1062,"href":"https:\/\/laporketaserrallo.com\/ca\/wp-json\/wp\/v2\/pages\/458\/revisions\/1062"}],"wp:attachment":[{"href":"https:\/\/laporketaserrallo.com\/ca\/wp-json\/wp\/v2\/media?parent=458"}],"wp:term":[{"taxonomy":"dipi_cpt_category","embeddable":true,"href":"https:\/\/laporketaserrallo.com\/ca\/wp-json\/wp\/v2\/dipi_cpt_category?post=458"}],"curies":[{"name":"wp","href":"https:\/\/api.w.org\/{rel}","templated":true}]}}