{"id":473,"date":"2023-10-02T09:47:04","date_gmt":"2023-10-02T09:47:04","guid":{"rendered":"https:\/\/laughing-turing.82-223-217-119.plesk.page\/?page_id=473"},"modified":"2023-10-02T09:47:49","modified_gmt":"2023-10-02T09:47:49","slug":"473-2","status":"publish","type":"page","link":"https:\/\/laporketaserrallo.com\/ca\/473-2\/","title":{"rendered":"DEVOLUCI\u00d3N"},"content":{"rendered":"<p>[et_pb_section fb_built=&#8221;1&#8243; custom_padding_last_edited=&#8221;on|desktop&#8221; _builder_version=&#8221;4.22.2&#8243; _module_preset=&#8221;default&#8221; custom_padding=&#8221;150px||||false|false&#8221; custom_padding_tablet=&#8221;150px||||false|false&#8221; custom_padding_phone=&#8221;70px||||false|false&#8221; global_colors_info=&#8221;{}&#8221; theme_builder_area=&#8221;post_content&#8221;][et_pb_row _builder_version=&#8221;4.22.2&#8243; _module_preset=&#8221;default&#8221; width_tablet=&#8221;&#8221; width_phone=&#8221;90%&#8221; width_last_edited=&#8221;on|phone&#8221; global_colors_info=&#8221;{}&#8221; theme_builder_area=&#8221;post_content&#8221;][et_pb_column type=&#8221;4_4&#8243; _builder_version=&#8221;4.22.2&#8243; _module_preset=&#8221;default&#8221; hover_enabled=&#8221;0&#8243; global_colors_info=&#8221;{}&#8221; theme_builder_area=&#8221;post_content&#8221; sticky_enabled=&#8221;0&#8243;][et_pb_text _builder_version=&#8221;4.22.2&#8243; _module_preset=&#8221;default&#8221; text_font=&#8221;Montserrat||||||||&#8221; text_text_color=&#8221;#002F63&#8243; header_font=&#8221;Adam||||||||&#8221; header_text_color=&#8221;#BBA25C&#8221; header_2_font=&#8221;Adam||||||||&#8221; header_3_font=&#8221;Adam||||||||&#8221; header_5_font=&#8221;Adam||||||||&#8221; header_5_text_color=&#8221;#002F63&#8243; hover_enabled=&#8221;0&#8243; global_colors_info=&#8221;{}&#8221; theme_builder_area=&#8221;post_content&#8221; sticky_enabled=&#8221;0&#8243;]<\/p>\n<h1 class=\"cookie-policy-h1\" style=\"text-align: left;\">Pol\u00edtica de DEvoluci\u00f3n<\/h1>\n<p>Fecha de vigencia: 29 de septiembre de 2023<br \/>\u00daltima actualizaci\u00f3n: 29 de septiembre de 2023<\/p>\n<p><strong>TERMINOS Y CONDICIONES \u2013 POL\u00cdTICA DE COMPRA, DEVOLUCI\u00d3N Y CANCELACI\u00d3N<\/strong><\/p>\n<div class=\"cookie-policy-p\">\n<ol>\n<li style=\"text-align: left;\"><strong>Compra de productos a trav\u00e9s de la web www.laporketa.com<\/strong><\/li>\n<\/ol>\n<p>En el presente documento Restaurant La Porketa establece la pol\u00edtica de compra y devoluci\u00f3n fijada para el servicio compra on-line de productos comercializados en el establecimiento, con recogida en el establecimiento en Restaurante La Porketa que el comprador (tambi\u00e9n denominado \u201cusuario\u201d a los efectos de la presente Pol\u00edtica de Compra y Devoluci\u00f3n) escoja o bien mediante la entrega a domicilio o \u201cdelivery\u201d.<\/p>\n<p>1.1 PEDIDO:<br \/>S\u00f3lo podr\u00e1n realizar pedidos en <a href=\"https:\/\/laughing-turing.82-223-217-119.plesk.page\" target=\"_blank\" rel=\"noopener\">www.laporketa.com<\/a> los mayores de 18 a\u00f1os.<\/p>\n<p>1.2 El CLIENTE realizar\u00e1 sus pedidos a trav\u00e9s de los formularios y siguiendo las indicaciones contenidos en la citada p\u00e1gina Web.<\/p>\n<p>1.3. EL PEDIDO m\u00ednimo ser\u00e1 el indicado el la p\u00e1gina Web www.laporketa.com<\/p>\n<p>1.4. El CLIENTE ser\u00e1 el responsable de introducir en el formulario de pedido un destinatario del env\u00edo, su direcci\u00f3n de entrega y comunicar los tel\u00e9fonos de contacto v\u00e1lidos que les permitan ser localizados en horario comercial. El n\u00famero del destinatario ser\u00e1 utilizado para contactar con \u00e9ste en el momento de la entrega, mediante llamada o mensaje SMS. No se tramitar\u00e1 ning\u00fan pedido sin esos datos esenciales, adem\u00e1s del resto que se indiquen durante el proceso de compra.<\/p>\n<p>1.5. EL CLIENTE siempre tendr\u00e1 la posibilidad de recibir asesoramiento durante el proceso de compra, llamando al tel\u00e9fono de atenci\u00f3n al cliente. \u00c9sta ser\u00e1, igualmente, la v\u00eda de comunicaci\u00f3n con el cliente ante cualquier eventualidad que acaezca al env\u00edo.<\/p>\n<\/div>\n<p><strong>2.0 Confirmaci\u00f3n del Pedido<\/strong><\/p>\n<p>Una vez seleccionados los productos el usuario deber\u00e1 \u201ccontinuar a forma de pago\u201d.<\/p>\n<p><strong>3.0 Forma de Pago<\/strong><strong><\/strong><\/p>\n<p>3.1. EL PAGO puede realizarse tanto con tarjeta de cr\u00e9dito como d\u00e9bito. El cargo de la tarjeta se realizar\u00e1 en el momento de la confirmaci\u00f3n del pedido en la web.<\/p>\n<p>3.2. Restaurant La Porketa se reserva el derecho a ofrecer medios de pago alternativos, as\u00ed como a suprimir cualquiera de los medios de pago vigentes ofrecidos a sus clientes.<\/p>\n<p>3.3. Visa y Master Card han desarrollado un sistema para realizar de forma segura pagos en Internet. El sistema de Comercio Electr\u00f3nico Seguro se basa en que el Emisor de la tarjeta (banco o caja de ahorros) identifique al titular de la misma antes de autorizar el pago por Internet. Restaurant La Porketa est\u00e1 adherido a este protocolo de seguridad por lo que, una vez seleccionado el producto a comprar e introducido el n\u00famero de su tarjeta, se abre una ventana del Emisor que le solicita su identificaci\u00f3n, mostrando uno de los siguientes iconos: Los datos de la tarjeta y su contrase\u00f1a quedan protegidos por este sistema de seguridad desde el momento de su introducci\u00f3n. Una vez completada la identificaci\u00f3n, el Emisor comunica a Restaurant La Porketa que la compra la est\u00e1 realizando el titular de la tarjeta, de forma que \u00e9ste pueda completar el proceso. Si la identificaci\u00f3n no ha sido satisfactoria, el Emisor lo comunica a Restaurant La Porketa para que proceda en consecuencia. Esta ventana est\u00e1 fuera del control de Restaurant La Porketa, siendo responsabilidad de su Emisor cualquier incidencia que pueda surgir con la misma, debiendo contactar con dicha entidad si se encontrara ante esta situaci\u00f3n.<\/p>\n<p>3.4. Esta plataforma utiliza un certificado SSL (Secure Sockets Layer). El cual es un protocolo criptogr\u00e1fico utilizado para proteger los datos de nuestros usuarios entre navegadores y el servidor. Este permite la autenticaci\u00f3n, encriptaci\u00f3n y desencriptaci\u00f3n de datos enviados a trav\u00e9s de Internet.<\/p>\n<p><strong>4.0 Recogida en el establecimiento escogido<\/strong><\/p>\n<p>4.1 Todos los pedidos de TAKE AWAY se recoger\u00e1n con compra previa en esta web, si no has podido realizar tu compra, podr\u00e1s hacerlo Entrando des de tu dispositivo a nuestra web www.laporketa.com<\/p>\n<p>4.2 Una vez finalices el proceso de compra podr\u00e1s escoger en qu\u00e9 franja horaria pasar\u00e1s a recogerlo. As\u00ed, lo tenemos listo, no tienes que esperar y evitamos aglomeraciones.<\/p>\n<p><strong>5.0 Delivery o entrega en el domicilio indicado por el usuario<\/strong><\/p>\n<div class=\"cookie-policy-p\">\n<p>Cuando el usuario escoja el delivery o entrega a domicilio del pedido, las tarifas que aplicar\u00e1 LA Porketa sobre el precio final del pedido en concepto de \u201cgastos de env\u00edo\u201d son 3,5\u20ac euros de gastos de env\u00edo.<\/p>\n<p><strong>6.0. Cancelaci\u00f3n del Pedido<\/strong><strong><\/strong><\/p>\n<p>6.1.- Para aquellos Pedidos que vayan a retirarse en tienda o entregarse a domicilio el mismo d\u00eda en que se realice el Pedido, habida cuenta de que el establecimiento escogido proceder\u00e1 a preparar el mismo, y sacar\u00e1 los productos escogidos de la venta directa a clientes de la tienda, el Pedido no podr\u00e1 ser cancelado, en ning\u00fan caso, una vez realizado el pago a trav\u00e9s de la web.<\/p>\n<p>6.2.- Sin embargo, si el Pedido se ha realizado para su retirada o entrega en un d\u00eda distinto al de su formalizaci\u00f3n, este podr\u00e1 cancelarse siempre y cuando entre el momento la comunicaci\u00f3n de la cancelaci\u00f3n y la fecha y hora fijadas para su retirada o entrega, exista un lapso temporal igual o superior a 24 horas. Para ello el usuario deber\u00e1 enviar un correo electr\u00f3nico a PEDIDOS@LAPORKETA.COM a fin de que La Porketa, como administrador de la plataforma de compra E-COMMERCE, pueda gestionar la cancelaci\u00f3n y reembolsar el precio al usuario por id\u00e9ntico medio de pago que emple\u00f3 al formalizar la compra.<\/p>\n<p><strong>7.0. Pol\u00edtica de devoluci\u00f3n de los productos<\/strong><\/p>\n<p>Los productos comercializados en La Porketa, son platos cocinados y otros alimentos, es decir, se tratan de productos perecederos, con un limitado periodo de tiempo para el consumo, y con unas condiciones de conservaci\u00f3n determinadas que deben mantenerse en todo momento.<\/p>\n<p>Teniendo en cuenta el referido car\u00e1cter perecedero de los productos comercializados en los puntos de venta que operan bajo la marca La Porketa, el comprador no tendr\u00e1 derecho a devolver los productos una vez los retire de la tienda escogida o bien le sean entregados en su domicilio.<\/p>\n<p>En el momento de la entrega del Pedido, el comprador deber\u00e1 examinar los productos, comprobando que los mismos se encuentran en buen estado y que se corresponden con el Pedido realizado a trav\u00e9s de la web. Una vez recibido y comprobado el pedido, el comprador no podr\u00e1 devolver ning\u00fan producto.<\/p>\n<p>La indicada pol\u00edtica de devoluci\u00f3n se fundamenta en el car\u00e1cter perecedero de los productos disponibles a trav\u00e9s de la web <a href=\"http:\/\/www.LA\" target=\"_blank\" rel=\"noopener\">www.LAPORKETA.COM<\/a>, y al objeto de garantizar las adecuadas condiciones higi\u00e9nico-sanitarias de dichos productos y que los mismos mantengan intactas sus propiedades en el momento de la devoluci\u00f3n.<\/p>\n<p>En caso de que por razones ajenas a la voluntad de RESTAURANT LA PORKETA para la recogida no dispusiera de todos los productos del Pedido realizado, el comprador podr\u00e1 cambiar el producto no disponible por otro de igual valor o podr\u00e1 solicitar la devoluci\u00f3n del importe abonado por dicho producto no disponible.<\/p>\n<p>En caso de solicitar la devoluci\u00f3n del importe abonado por un producto que no se encuentre en el establecimiento escogido, el comprador deber\u00e1 tramitar dicha devoluci\u00f3n en el mismo establecimiento. LA PORKETA gestionar\u00e1 el reembolso dentro del plazo de tiempo m\u00e1s breve posible a trav\u00e9s de la plataforma de compra on line E-COMmERCE, por id\u00e9ntico medio de pago que el usuario emple\u00f3 al formalizar la compra.<br \/>RESTAURANT LA PORKETA no asume ninguna responsabilidad en caso de que la tienda LA PORKETA no disponga de alguno de los productos adquiridos a trav\u00e9s de la web. No obstante, RESTAURANT LA PORKETA realizar\u00e1 todos los esfuerzos razonablemente posibles para asegurar el abastecimiento de todos los productos.<\/p>\n<p>RESTAURANT LA PORKETA no ser\u00e1 responsable en ninguna circunstancia por p\u00e9rdidas o da\u00f1os que surjan por la selecci\u00f3n inadecuada o la aplicaci\u00f3n o el uso incorrectos de un producto.<\/p>\n<p><strong>8.0. Garant\u00eda limitada<\/strong><\/p>\n<p>Atendido el car\u00e1cter perecedero de los productos comercializados en el establecimiento RESTAURANT LA PORKETA, garantiza su buen estado, siempre que el producto no sea abierto hasta la fecha de caducidad indicada en el propio producto.<\/p>\n<p>El comprador no podr\u00e1 realizar devoluciones ni cambios una vez aceptada la entrega de los productos en la tienda o en su domicilio. Por ello, el comprador deber\u00e1 inspeccionar los productos en el momento de la recepci\u00f3n del producto y deber\u00e1 manifestar de inmediato, en el mismo establecimiento, o en su domicilio al mensajero que le haga entrega del Pedido, cualquier defecto o falta de conformidad que pudiese alegar. En el caso de entrega a domicilio el mensajero comunicar\u00e1 la incidencia a LA PORKETA y esta se pondr\u00e1 en contacto directo con el usuario en el plazo de tiempo m\u00e1s breve posible a fin de solucionar el problema.<\/p>\n<p><strong>9.0. Descargo de responsabilidad<\/strong><strong><\/strong><\/p>\n<p>Las condiciones de compra y devoluci\u00f3n establecidas en el presente documento reemplazan cualquier otro tipo de garant\u00eda expresa o impl\u00edcita. RESTAURANT LA PORKETA excluye y rechaza expresamente cualquier responsabilidad por otras garant\u00edas.<br \/>RESTAURANT LA PORKETA queda eximido de toda responsabilidad por reclamaciones acerca de defectos en el producto causados por el uso indebido del mismo por parte del comprador, la selecci\u00f3n inadecuada, la incorrecta aplicaci\u00f3n o conservaci\u00f3n del producto o los derivados de no mantener el producto en las debidas condiciones higi\u00e9nico-sanitarias.<\/p>\n<p><strong>10.0 Legislaci\u00f3n vigente<\/strong><strong><\/strong><\/p>\n<p>Las presentes condiciones de la Pol\u00edtica de Compra y Devoluci\u00f3n se interpretar\u00e1n y ejecutar\u00e1n de conformidad con la legislaci\u00f3n espa\u00f1ola.<br \/>Las partes realizar\u00e1n los m\u00e1ximos esfuerzos posibles para resolver mediante la negociaci\u00f3n todo conflicto, controversia o diferencia que se relacione con las disposiciones del presente acuerdo. Para toda duda, cuesti\u00f3n o diferencia que pudiera surgir entre las partes, las partes, con expresa renuncia a su propio fuero y domicilio, se someten a la Jurisdicci\u00f3n y Competencia de los Juzgados y Tribunales de la ciudad de Barcelona y sus superiores jer\u00e1rquicos.<\/p>\n<\/div>\n<div>\n<p><strong>11.0 Contacto<\/strong><\/p>\n<p>Para cualquier duda, problema o consulta, el comprador o usuario podr\u00e1 dirigirse a PIDEVINE S.L con CIF: B55674923 y domicilio social en Barcelona C\/ MALLORCA 8, 43820, enviando un correo electr\u00f3nico a la direcci\u00f3n siguiente: INFO@LAPORKETA.COM<\/p>\n<\/div>\n<p>[\/et_pb_text][\/et_pb_column][\/et_pb_row][\/et_pb_section]<\/p>\n","protected":false},"excerpt":{"rendered":"<p>Pol\u00edtica de DEvoluci\u00f3n Fecha de vigencia: 29 de septiembre de 2023\u00daltima actualizaci\u00f3n: 29 de septiembre de 2023 TERMINOS Y CONDICIONES \u2013 POL\u00cdTICA DE COMPRA, DEVOLUCI\u00d3N Y CANCELACI\u00d3N Compra de productos a trav\u00e9s de la web www.laporketa.com En el presente documento Restaurant La Porketa establece la pol\u00edtica de compra y devoluci\u00f3n fijada para el servicio compra on-line de productos comercializados en el establecimiento, con recogida en el establecimiento en Restaurante La Porketa que el comprador (tambi\u00e9n denominado \u201cusuario\u201d a los efectos de la presente Pol\u00edtica de Compra y Devoluci\u00f3n) escoja o bien mediante la entrega a domicilio o \u201cdelivery\u201d. 1.1 PEDIDO:S\u00f3lo podr\u00e1n realizar pedidos en www.laporketa.com los mayores de 18 a\u00f1os. 1.2 El CLIENTE realizar\u00e1 sus pedidos a trav\u00e9s de los formularios y siguiendo las indicaciones contenidos en la citada p\u00e1gina Web. 1.3. EL PEDIDO m\u00ednimo ser\u00e1 el indicado el la p\u00e1gina Web www.laporketa.com 1.4. El CLIENTE ser\u00e1 el responsable de introducir en el formulario de pedido un destinatario del env\u00edo, su direcci\u00f3n de entrega y comunicar los tel\u00e9fonos de contacto v\u00e1lidos que les permitan ser localizados en horario comercial. El n\u00famero del destinatario ser\u00e1 utilizado para contactar con \u00e9ste en el momento de la entrega, mediante llamada o mensaje SMS. [&hellip;]<\/p>\n","protected":false},"author":1,"featured_media":0,"parent":0,"menu_order":0,"comment_status":"closed","ping_status":"closed","template":"","meta":{"_acf_changed":false,"_et_pb_use_builder":"on","_et_pb_old_content":"","_et_gb_content_width":"","footnotes":""},"dipi_cpt_category":[],"class_list":["post-473","page","type-page","status-publish","hentry"],"acf":[],"yoast_head":"<!-- This site is optimized with the Yoast SEO plugin v27.5 - https:\/\/yoast.com\/product\/yoast-seo-wordpress\/ -->\n<title>DEVOLUCI\u00d3N - La Porketa<\/title>\n<meta name=\"robots\" content=\"index, follow, max-snippet:-1, max-image-preview:large, max-video-preview:-1\" \/>\n<link rel=\"canonical\" href=\"https:\/\/laporketaserrallo.com\/ca\/473-2\/\" \/>\n<meta property=\"og:locale\" content=\"ca_ES\" \/>\n<meta property=\"og:type\" content=\"article\" \/>\n<meta property=\"og:title\" content=\"DEVOLUCI\u00d3N - La Porketa\" \/>\n<meta property=\"og:description\" content=\"Pol\u00edtica de DEvoluci\u00f3n Fecha de vigencia: 29 de septiembre de 2023\u00daltima actualizaci\u00f3n: 29 de septiembre de 2023 TERMINOS Y CONDICIONES \u2013 POL\u00cdTICA DE COMPRA, DEVOLUCI\u00d3N Y CANCELACI\u00d3N Compra de productos a trav\u00e9s de la web www.laporketa.com En el presente documento Restaurant La Porketa establece la pol\u00edtica de compra y devoluci\u00f3n fijada para el servicio compra on-line de productos comercializados en el establecimiento, con recogida en el establecimiento en Restaurante La Porketa que el comprador (tambi\u00e9n denominado \u201cusuario\u201d a los efectos de la presente Pol\u00edtica de Compra y Devoluci\u00f3n) escoja o bien mediante la entrega a domicilio o \u201cdelivery\u201d. 1.1 PEDIDO:S\u00f3lo podr\u00e1n realizar pedidos en www.laporketa.com los mayores de 18 a\u00f1os. 1.2 El CLIENTE realizar\u00e1 sus pedidos a trav\u00e9s de los formularios y siguiendo las indicaciones contenidos en la citada p\u00e1gina Web. 1.3. EL PEDIDO m\u00ednimo ser\u00e1 el indicado el la p\u00e1gina Web www.laporketa.com 1.4. El CLIENTE ser\u00e1 el responsable de introducir en el formulario de pedido un destinatario del env\u00edo, su direcci\u00f3n de entrega y comunicar los tel\u00e9fonos de contacto v\u00e1lidos que les permitan ser localizados en horario comercial. El n\u00famero del destinatario ser\u00e1 utilizado para contactar con \u00e9ste en el momento de la entrega, mediante llamada o mensaje SMS. [&hellip;]\" \/>\n<meta property=\"og:url\" content=\"https:\/\/laporketaserrallo.com\/ca\/wp-json\/wp\/v2\/pages\/473\" \/>\n<meta property=\"og:site_name\" content=\"La Porketa\" \/>\n<meta property=\"article:modified_time\" content=\"2023-10-02T09:47:49+00:00\" \/>\n<meta name=\"twitter:card\" content=\"summary_large_image\" \/>\n<meta name=\"twitter:label1\" content=\"Temps estimat de lectura\" \/>\n\t<meta name=\"twitter:data1\" content=\"9 minuts\" \/>\n<script type=\"application\/ld+json\" class=\"yoast-schema-graph\">{\"@context\":\"https:\\\/\\\/schema.org\",\"@graph\":[{\"@type\":\"WebPage\",\"@id\":\"https:\\\/\\\/laporketaserrallo.com\\\/473-2\\\/\",\"url\":\"https:\\\/\\\/laporketaserrallo.com\\\/473-2\\\/\",\"name\":\"DEVOLUCI\u00d3N - La Porketa\",\"isPartOf\":{\"@id\":\"https:\\\/\\\/laporketaserrallo.com\\\/#website\"},\"datePublished\":\"2023-10-02T09:47:04+00:00\",\"dateModified\":\"2023-10-02T09:47:49+00:00\",\"breadcrumb\":{\"@id\":\"https:\\\/\\\/laporketaserrallo.com\\\/473-2\\\/#breadcrumb\"},\"inLanguage\":\"ca\",\"potentialAction\":[{\"@type\":\"ReadAction\",\"target\":[\"https:\\\/\\\/laporketaserrallo.com\\\/473-2\\\/\"]}]},{\"@type\":\"BreadcrumbList\",\"@id\":\"https:\\\/\\\/laporketaserrallo.com\\\/473-2\\\/#breadcrumb\",\"itemListElement\":[{\"@type\":\"ListItem\",\"position\":1,\"name\":\"Portada\",\"item\":\"https:\\\/\\\/laporketaserrallo.com\\\/\"},{\"@type\":\"ListItem\",\"position\":2,\"name\":\"DEVOLUCI\u00d3N\"}]},{\"@type\":\"WebSite\",\"@id\":\"https:\\\/\\\/laporketaserrallo.com\\\/#website\",\"url\":\"https:\\\/\\\/laporketaserrallo.com\\\/\",\"name\":\"La Porketa\",\"description\":\"Arrosseria del mar\",\"potentialAction\":[{\"@type\":\"SearchAction\",\"target\":{\"@type\":\"EntryPoint\",\"urlTemplate\":\"https:\\\/\\\/laporketaserrallo.com\\\/?s={search_term_string}\"},\"query-input\":{\"@type\":\"PropertyValueSpecification\",\"valueRequired\":true,\"valueName\":\"search_term_string\"}}],\"inLanguage\":\"ca\"}]}<\/script>\n<!-- \/ Yoast SEO plugin. -->","yoast_head_json":{"title":"DEVOLUCI\u00d3N - La Porketa","robots":{"index":"index","follow":"follow","max-snippet":"max-snippet:-1","max-image-preview":"max-image-preview:large","max-video-preview":"max-video-preview:-1"},"canonical":"https:\/\/laporketaserrallo.com\/ca\/473-2\/","og_locale":"ca_ES","og_type":"article","og_title":"DEVOLUCI\u00d3N - La Porketa","og_description":"Pol\u00edtica de DEvoluci\u00f3n Fecha de vigencia: 29 de septiembre de 2023\u00daltima actualizaci\u00f3n: 29 de septiembre de 2023 TERMINOS Y CONDICIONES \u2013 POL\u00cdTICA DE COMPRA, DEVOLUCI\u00d3N Y CANCELACI\u00d3N Compra de productos a trav\u00e9s de la web www.laporketa.com En el presente documento Restaurant La Porketa establece la pol\u00edtica de compra y devoluci\u00f3n fijada para el servicio compra on-line de productos comercializados en el establecimiento, con recogida en el establecimiento en Restaurante La Porketa que el comprador (tambi\u00e9n denominado \u201cusuario\u201d a los efectos de la presente Pol\u00edtica de Compra y Devoluci\u00f3n) escoja o bien mediante la entrega a domicilio o \u201cdelivery\u201d. 1.1 PEDIDO:S\u00f3lo podr\u00e1n realizar pedidos en www.laporketa.com los mayores de 18 a\u00f1os. 1.2 El CLIENTE realizar\u00e1 sus pedidos a trav\u00e9s de los formularios y siguiendo las indicaciones contenidos en la citada p\u00e1gina Web. 1.3. EL PEDIDO m\u00ednimo ser\u00e1 el indicado el la p\u00e1gina Web www.laporketa.com 1.4. El CLIENTE ser\u00e1 el responsable de introducir en el formulario de pedido un destinatario del env\u00edo, su direcci\u00f3n de entrega y comunicar los tel\u00e9fonos de contacto v\u00e1lidos que les permitan ser localizados en horario comercial. El n\u00famero del destinatario ser\u00e1 utilizado para contactar con \u00e9ste en el momento de la entrega, mediante llamada o mensaje SMS. [&hellip;]","og_url":"https:\/\/laporketaserrallo.com\/ca\/wp-json\/wp\/v2\/pages\/473","og_site_name":"La Porketa","article_modified_time":"2023-10-02T09:47:49+00:00","twitter_card":"summary_large_image","twitter_misc":{"Temps estimat de lectura":"9 minuts"},"schema":{"@context":"https:\/\/schema.org","@graph":[{"@type":"WebPage","@id":"https:\/\/laporketaserrallo.com\/473-2\/","url":"https:\/\/laporketaserrallo.com\/473-2\/","name":"DEVOLUCI\u00d3N - La Porketa","isPartOf":{"@id":"https:\/\/laporketaserrallo.com\/#website"},"datePublished":"2023-10-02T09:47:04+00:00","dateModified":"2023-10-02T09:47:49+00:00","breadcrumb":{"@id":"https:\/\/laporketaserrallo.com\/473-2\/#breadcrumb"},"inLanguage":"ca","potentialAction":[{"@type":"ReadAction","target":["https:\/\/laporketaserrallo.com\/473-2\/"]}]},{"@type":"BreadcrumbList","@id":"https:\/\/laporketaserrallo.com\/473-2\/#breadcrumb","itemListElement":[{"@type":"ListItem","position":1,"name":"Portada","item":"https:\/\/laporketaserrallo.com\/"},{"@type":"ListItem","position":2,"name":"DEVOLUCI\u00d3N"}]},{"@type":"WebSite","@id":"https:\/\/laporketaserrallo.com\/#website","url":"https:\/\/laporketaserrallo.com\/","name":"La Porketa","description":"Arrosseria del mar","potentialAction":[{"@type":"SearchAction","target":{"@type":"EntryPoint","urlTemplate":"https:\/\/laporketaserrallo.com\/?s={search_term_string}"},"query-input":{"@type":"PropertyValueSpecification","valueRequired":true,"valueName":"search_term_string"}}],"inLanguage":"ca"}]}},"_links":{"self":[{"href":"https:\/\/laporketaserrallo.com\/ca\/wp-json\/wp\/v2\/pages\/473","targetHints":{"allow":["GET"]}}],"collection":[{"href":"https:\/\/laporketaserrallo.com\/ca\/wp-json\/wp\/v2\/pages"}],"about":[{"href":"https:\/\/laporketaserrallo.com\/ca\/wp-json\/wp\/v2\/types\/page"}],"author":[{"embeddable":true,"href":"https:\/\/laporketaserrallo.com\/ca\/wp-json\/wp\/v2\/users\/1"}],"replies":[{"embeddable":true,"href":"https:\/\/laporketaserrallo.com\/ca\/wp-json\/wp\/v2\/comments?post=473"}],"version-history":[{"count":4,"href":"https:\/\/laporketaserrallo.com\/ca\/wp-json\/wp\/v2\/pages\/473\/revisions"}],"predecessor-version":[{"id":477,"href":"https:\/\/laporketaserrallo.com\/ca\/wp-json\/wp\/v2\/pages\/473\/revisions\/477"}],"wp:attachment":[{"href":"https:\/\/laporketaserrallo.com\/ca\/wp-json\/wp\/v2\/media?parent=473"}],"wp:term":[{"taxonomy":"dipi_cpt_category","embeddable":true,"href":"https:\/\/laporketaserrallo.com\/ca\/wp-json\/wp\/v2\/dipi_cpt_category?post=473"}],"curies":[{"name":"wp","href":"https:\/\/api.w.org\/{rel}","templated":true}]}}