{"id":208,"date":"2023-09-26T13:10:11","date_gmt":"2023-09-26T13:10:11","guid":{"rendered":"https:\/\/laughing-turing.82-223-217-119.plesk.page\/?post_type=product&#038;p=208"},"modified":"2025-01-13T02:54:58","modified_gmt":"2025-01-13T02:54:58","slug":"arroz-de-cangrejos-y-mejillones-de-roca","status":"publish","type":"product","link":"https:\/\/laporketaserrallo.com\/ca\/producte\/arroz-de-cangrejos-y-mejillones-de-roca\/","title":{"rendered":"Arr\u00f2s de Crancs i musclos de roca"},"content":{"rendered":"<p>Sum\u00e9rgete en una experiencia gastron\u00f3mica costera con nuestro Arroz de Cangrejos y Mejillones de Roca. Cada bocado es un fest\u00edn marino, donde la jugosidad de los cangrejos se entrelaza con la intensidad de los mejillones de roca. El arroz, h\u00e1bilmente infusionado con los sabores del oc\u00e9ano, act\u00faa como un lienzo que resalta la frescura y exquisitez de cada ingrediente. Este plato ofrece una sinfon\u00eda de texturas y aromas marinos, transportando tus sentidos directamente a la orilla del mar. Una deliciosa celebraci\u00f3n de los tesoros que el oc\u00e9ano tiene para ofrecer, este arroz promete una experiencia culinaria inolvidable.<\/p>","protected":false},"excerpt":{"rendered":"<p>Cranc musclos i s\u00e8pia de platja<\/p>","protected":false},"featured_media":490,"comment_status":"open","ping_status":"closed","template":"","meta":{"_acf_changed":false,"_et_pb_use_builder":"","_et_pb_old_content":"","_et_gb_content_width":""},"product_brand":[],"product_cat":[18],"product_tag":[],"class_list":{"0":"post-208","1":"product","2":"type-product","3":"status-publish","4":"has-post-thumbnail","6":"product_cat-sin-categorizar","8":"first","9":"instock","10":"shipping-taxable","11":"purchasable","12":"product-type-simple"},"acf":[],"yoast_head":"<!-- This site is optimized with the Yoast SEO plugin v27.4 - https:\/\/yoast.com\/product\/yoast-seo-wordpress\/ -->\n<title>Arroz de Cangrejos y mejillones de roca - La Porketa<\/title>\n<meta name=\"description\" content=\"Arroz de Cangrejos y Mejillones de Roca. Cada bocado es un fest\u00edn marino, donde la jugosidad de los cangrejos se entrelaza con la intensidad de los ...\" \/>\n<meta name=\"robots\" content=\"index, follow, max-snippet:-1, max-image-preview:large, max-video-preview:-1\" \/>\n<link rel=\"canonical\" href=\"https:\/\/laporketaserrallo.com\/ca\/producte\/arroz-de-cangrejos-y-mejillones-de-roca\/\" \/>\n<meta property=\"og:locale\" content=\"ca_ES\" \/>\n<meta property=\"og:type\" content=\"article\" \/>\n<meta property=\"og:title\" content=\"Arroz de Cangrejos y mejillones de roca - La Porketa\" \/>\n<meta property=\"og:description\" content=\"Arroz de Cangrejos y Mejillones de Roca. Cada bocado es un fest\u00edn marino, donde la jugosidad de los cangrejos se entrelaza con la intensidad de los ...\" \/>\n<meta property=\"og:url\" content=\"https:\/\/laporketaserrallo.com\/ca\/wp-json\/wp\/v2\/product\/208\" \/>\n<meta property=\"og:site_name\" content=\"La Porketa\" \/>\n<meta property=\"article:modified_time\" content=\"2025-01-13T02:54:58+00:00\" \/>\n<meta property=\"og:image\" content=\"https:\/\/laporketaserrallo.com\/wp-content\/uploads\/2023\/09\/Porketa-16.webp\" \/>\n\t<meta property=\"og:image:width\" content=\"301\" \/>\n\t<meta property=\"og:image:height\" content=\"201\" \/>\n\t<meta property=\"og:image:type\" content=\"image\/webp\" \/>\n<meta name=\"twitter:card\" content=\"summary_large_image\" \/>\n<meta name=\"twitter:label1\" content=\"Temps estimat de lectura\" \/>\n\t<meta name=\"twitter:data1\" content=\"1 minut\" \/>\n<script type=\"application\/ld+json\" class=\"yoast-schema-graph\">{\"@context\":\"https:\\\/\\\/schema.org\",\"@graph\":[{\"@type\":\"WebPage\",\"@id\":\"https:\\\/\\\/laporketaserrallo.com\\\/producto\\\/arroz-de-cangrejos-y-mejillones-de-roca\\\/\",\"url\":\"https:\\\/\\\/laporketaserrallo.com\\\/producto\\\/arroz-de-cangrejos-y-mejillones-de-roca\\\/\",\"name\":\"Arroz de Cangrejos y mejillones de roca - La Porketa\",\"isPartOf\":{\"@id\":\"https:\\\/\\\/laporketaserrallo.com\\\/#website\"},\"primaryImageOfPage\":{\"@id\":\"https:\\\/\\\/laporketaserrallo.com\\\/producto\\\/arroz-de-cangrejos-y-mejillones-de-roca\\\/#primaryimage\"},\"image\":{\"@id\":\"https:\\\/\\\/laporketaserrallo.com\\\/producto\\\/arroz-de-cangrejos-y-mejillones-de-roca\\\/#primaryimage\"},\"thumbnailUrl\":\"https:\\\/\\\/laporketaserrallo.com\\\/wp-content\\\/uploads\\\/2023\\\/11\\\/cangrejo-y-mejillones-e1750934074597.jpg\",\"datePublished\":\"2023-09-26T13:10:11+00:00\",\"dateModified\":\"2025-01-13T02:54:58+00:00\",\"description\":\"Arroz de Cangrejos y Mejillones de Roca. Cada bocado es un fest\u00edn marino, donde la jugosidad de los cangrejos se entrelaza con la intensidad de los ...\",\"breadcrumb\":{\"@id\":\"https:\\\/\\\/laporketaserrallo.com\\\/producto\\\/arroz-de-cangrejos-y-mejillones-de-roca\\\/#breadcrumb\"},\"inLanguage\":\"ca\",\"potentialAction\":[{\"@type\":\"ReadAction\",\"target\":[\"https:\\\/\\\/laporketaserrallo.com\\\/producto\\\/arroz-de-cangrejos-y-mejillones-de-roca\\\/\"]}]},{\"@type\":\"ImageObject\",\"inLanguage\":\"ca\",\"@id\":\"https:\\\/\\\/laporketaserrallo.com\\\/producto\\\/arroz-de-cangrejos-y-mejillones-de-roca\\\/#primaryimage\",\"url\":\"https:\\\/\\\/laporketaserrallo.com\\\/wp-content\\\/uploads\\\/2023\\\/11\\\/cangrejo-y-mejillones-e1750934074597.jpg\",\"contentUrl\":\"https:\\\/\\\/laporketaserrallo.com\\\/wp-content\\\/uploads\\\/2023\\\/11\\\/cangrejo-y-mejillones-e1750934074597.jpg\",\"width\":2048,\"height\":894,\"caption\":\"Arroz de Cangrejos y mejillones de roca\"},{\"@type\":\"BreadcrumbList\",\"@id\":\"https:\\\/\\\/laporketaserrallo.com\\\/producto\\\/arroz-de-cangrejos-y-mejillones-de-roca\\\/#breadcrumb\",\"itemListElement\":[{\"@type\":\"ListItem\",\"position\":1,\"name\":\"Portada\",\"item\":\"https:\\\/\\\/laporketaserrallo.com\\\/\"},{\"@type\":\"ListItem\",\"position\":2,\"name\":\"Tienda\",\"item\":\"https:\\\/\\\/laporketaserrallo.com\\\/tienda\\\/\"},{\"@type\":\"ListItem\",\"position\":3,\"name\":\"Arroz de Cangrejos y mejillones de roca\"}]},{\"@type\":\"WebSite\",\"@id\":\"https:\\\/\\\/laporketaserrallo.com\\\/#website\",\"url\":\"https:\\\/\\\/laporketaserrallo.com\\\/\",\"name\":\"La Porketa\",\"description\":\"Arrosseria del mar\",\"potentialAction\":[{\"@type\":\"SearchAction\",\"target\":{\"@type\":\"EntryPoint\",\"urlTemplate\":\"https:\\\/\\\/laporketaserrallo.com\\\/?s={search_term_string}\"},\"query-input\":{\"@type\":\"PropertyValueSpecification\",\"valueRequired\":true,\"valueName\":\"search_term_string\"}}],\"inLanguage\":\"ca\"}]}<\/script>\n<!-- \/ Yoast SEO plugin. -->","yoast_head_json":{"title":"Arroz de Cangrejos y mejillones de roca - La Porketa","description":"Arroz de Cangrejos y Mejillones de Roca. Cada bocado es un fest\u00edn marino, donde la jugosidad de los cangrejos se entrelaza con la intensidad de los ...","robots":{"index":"index","follow":"follow","max-snippet":"max-snippet:-1","max-image-preview":"max-image-preview:large","max-video-preview":"max-video-preview:-1"},"canonical":"https:\/\/laporketaserrallo.com\/ca\/producte\/arroz-de-cangrejos-y-mejillones-de-roca\/","og_locale":"ca_ES","og_type":"article","og_title":"Arroz de Cangrejos y mejillones de roca - La Porketa","og_description":"Arroz de Cangrejos y Mejillones de Roca. Cada bocado es un fest\u00edn marino, donde la jugosidad de los cangrejos se entrelaza con la intensidad de los ...","og_url":"https:\/\/laporketaserrallo.com\/ca\/wp-json\/wp\/v2\/product\/208","og_site_name":"La Porketa","article_modified_time":"2025-01-13T02:54:58+00:00","og_image":[{"width":301,"height":201,"url":"https:\/\/laporketaserrallo.com\/wp-content\/uploads\/2023\/09\/Porketa-16.webp","type":"image\/webp"}],"twitter_card":"summary_large_image","twitter_misc":{"Temps estimat de lectura":"1 minut"},"schema":{"@context":"https:\/\/schema.org","@graph":[{"@type":"WebPage","@id":"https:\/\/laporketaserrallo.com\/producto\/arroz-de-cangrejos-y-mejillones-de-roca\/","url":"https:\/\/laporketaserrallo.com\/producto\/arroz-de-cangrejos-y-mejillones-de-roca\/","name":"Arroz de Cangrejos y mejillones de roca - La Porketa","isPartOf":{"@id":"https:\/\/laporketaserrallo.com\/#website"},"primaryImageOfPage":{"@id":"https:\/\/laporketaserrallo.com\/producto\/arroz-de-cangrejos-y-mejillones-de-roca\/#primaryimage"},"image":{"@id":"https:\/\/laporketaserrallo.com\/producto\/arroz-de-cangrejos-y-mejillones-de-roca\/#primaryimage"},"thumbnailUrl":"https:\/\/laporketaserrallo.com\/wp-content\/uploads\/2023\/11\/cangrejo-y-mejillones-e1750934074597.jpg","datePublished":"2023-09-26T13:10:11+00:00","dateModified":"2025-01-13T02:54:58+00:00","description":"Arroz de Cangrejos y Mejillones de Roca. Cada bocado es un fest\u00edn marino, donde la jugosidad de los cangrejos se entrelaza con la intensidad de los ...","breadcrumb":{"@id":"https:\/\/laporketaserrallo.com\/producto\/arroz-de-cangrejos-y-mejillones-de-roca\/#breadcrumb"},"inLanguage":"ca","potentialAction":[{"@type":"ReadAction","target":["https:\/\/laporketaserrallo.com\/producto\/arroz-de-cangrejos-y-mejillones-de-roca\/"]}]},{"@type":"ImageObject","inLanguage":"ca","@id":"https:\/\/laporketaserrallo.com\/producto\/arroz-de-cangrejos-y-mejillones-de-roca\/#primaryimage","url":"https:\/\/laporketaserrallo.com\/wp-content\/uploads\/2023\/11\/cangrejo-y-mejillones-e1750934074597.jpg","contentUrl":"https:\/\/laporketaserrallo.com\/wp-content\/uploads\/2023\/11\/cangrejo-y-mejillones-e1750934074597.jpg","width":2048,"height":894,"caption":"Arroz de Cangrejos y mejillones de roca"},{"@type":"BreadcrumbList","@id":"https:\/\/laporketaserrallo.com\/producto\/arroz-de-cangrejos-y-mejillones-de-roca\/#breadcrumb","itemListElement":[{"@type":"ListItem","position":1,"name":"Portada","item":"https:\/\/laporketaserrallo.com\/"},{"@type":"ListItem","position":2,"name":"Tienda","item":"https:\/\/laporketaserrallo.com\/tienda\/"},{"@type":"ListItem","position":3,"name":"Arroz de Cangrejos y mejillones de roca"}]},{"@type":"WebSite","@id":"https:\/\/laporketaserrallo.com\/#website","url":"https:\/\/laporketaserrallo.com\/","name":"La Porketa","description":"Arrosseria del mar","potentialAction":[{"@type":"SearchAction","target":{"@type":"EntryPoint","urlTemplate":"https:\/\/laporketaserrallo.com\/?s={search_term_string}"},"query-input":{"@type":"PropertyValueSpecification","valueRequired":true,"valueName":"search_term_string"}}],"inLanguage":"ca"}]}},"_links":{"self":[{"href":"https:\/\/laporketaserrallo.com\/ca\/wp-json\/wp\/v2\/product\/208","targetHints":{"allow":["GET"]}}],"collection":[{"href":"https:\/\/laporketaserrallo.com\/ca\/wp-json\/wp\/v2\/product"}],"about":[{"href":"https:\/\/laporketaserrallo.com\/ca\/wp-json\/wp\/v2\/types\/product"}],"replies":[{"embeddable":true,"href":"https:\/\/laporketaserrallo.com\/ca\/wp-json\/wp\/v2\/comments?post=208"}],"wp:featuredmedia":[{"embeddable":true,"href":"https:\/\/laporketaserrallo.com\/ca\/wp-json\/wp\/v2\/media\/490"}],"wp:attachment":[{"href":"https:\/\/laporketaserrallo.com\/ca\/wp-json\/wp\/v2\/media?parent=208"}],"wp:term":[{"taxonomy":"product_brand","embeddable":true,"href":"https:\/\/laporketaserrallo.com\/ca\/wp-json\/wp\/v2\/product_brand?post=208"},{"taxonomy":"product_cat","embeddable":true,"href":"https:\/\/laporketaserrallo.com\/ca\/wp-json\/wp\/v2\/product_cat?post=208"},{"taxonomy":"product_tag","embeddable":true,"href":"https:\/\/laporketaserrallo.com\/ca\/wp-json\/wp\/v2\/product_tag?post=208"}],"curies":[{"name":"wp","href":"https:\/\/api.w.org\/{rel}","templated":true}]}}