{"id":219,"date":"2023-09-26T13:13:50","date_gmt":"2023-09-26T13:13:50","guid":{"rendered":"https:\/\/laughing-turing.82-223-217-119.plesk.page\/?post_type=product&#038;p=219"},"modified":"2025-01-13T02:55:48","modified_gmt":"2025-01-13T02:55:48","slug":"arroz-a-la-marinera","status":"publish","type":"product","link":"https:\/\/laporketaserrallo.com\/ca\/producte\/arroz-a-la-marinera\/","title":{"rendered":"Arroz a la Marinera"},"content":{"rendered":"<p>Emb\u00e1rcate en una aventura culinaria con nuestro Arroz a la Marinera, una oda a los tesoros del mar. En este plato, la jugosa gamba roja, la exquisita galera, el suculento cangrejo, la tierna sepia de playa y los sabrosos mejillones se combinan para crear una sinfon\u00eda de sabores marinos. Cada bocado es una experiencia sensorial \u00fanica, donde el arroz absorbe los jugos del oc\u00e9ano y se impregna con la frescura y el car\u00e1cter de cada ingrediente. Un fest\u00edn visual y culinario que captura la esencia de la vida marina, brindando a los comensales una traves\u00eda gastron\u00f3mica inolvidable.<\/p>","protected":false},"excerpt":{"rendered":"<p><span style=\"font-weight: 400;\">Gamba roja, galera ,cangrejo sepia de playa y mejillones.\u00a0<\/span><\/p>","protected":false},"featured_media":492,"comment_status":"open","ping_status":"closed","template":"","meta":{"_acf_changed":false,"_et_pb_use_builder":"","_et_pb_old_content":"","_et_gb_content_width":""},"product_brand":[],"product_cat":[18],"product_tag":[],"class_list":{"0":"post-219","1":"product","2":"type-product","3":"status-publish","4":"has-post-thumbnail","6":"product_cat-sin-categorizar","8":"first","9":"instock","10":"shipping-taxable","11":"purchasable","12":"product-type-simple"},"acf":[],"yoast_head":"<!-- This site is optimized with the Yoast SEO plugin v27.4 - https:\/\/yoast.com\/product\/yoast-seo-wordpress\/ -->\n<title>Arroz a la Marinera<\/title>\n<meta name=\"description\" content=\"Arroz a la Marinera, una oda a los tesoros del mar. En este plato, la jugosa gamba roja, la exquisita galera, el suculento cangrejo, la tierna sepia....\" \/>\n<meta name=\"robots\" content=\"index, follow, max-snippet:-1, max-image-preview:large, max-video-preview:-1\" \/>\n<link rel=\"canonical\" href=\"https:\/\/laporketaserrallo.com\/ca\/producte\/arroz-a-la-marinera\/\" \/>\n<meta property=\"og:locale\" content=\"ca_ES\" \/>\n<meta property=\"og:type\" content=\"article\" \/>\n<meta property=\"og:title\" content=\"Arroz a la Marinera\" \/>\n<meta property=\"og:description\" content=\"Arroz a la Marinera, una oda a los tesoros del mar. En este plato, la jugosa gamba roja, la exquisita galera, el suculento cangrejo, la tierna sepia....\" \/>\n<meta property=\"og:url\" content=\"https:\/\/laporketaserrallo.com\/ca\/wp-json\/wp\/v2\/product\/219\" \/>\n<meta property=\"og:site_name\" content=\"La Porketa\" \/>\n<meta property=\"article:modified_time\" content=\"2025-01-13T02:55:48+00:00\" \/>\n<meta property=\"og:image\" content=\"https:\/\/laporketaserrallo.com\/wp-content\/uploads\/2023\/09\/Porketa-16.webp\" \/>\n\t<meta property=\"og:image:width\" content=\"301\" \/>\n\t<meta property=\"og:image:height\" content=\"201\" \/>\n\t<meta property=\"og:image:type\" content=\"image\/webp\" \/>\n<meta name=\"twitter:card\" content=\"summary_large_image\" \/>\n<meta name=\"twitter:label1\" content=\"Temps estimat de lectura\" \/>\n\t<meta name=\"twitter:data1\" content=\"1 minut\" \/>\n<script type=\"application\/ld+json\" class=\"yoast-schema-graph\">{\"@context\":\"https:\\\/\\\/schema.org\",\"@graph\":[{\"@type\":\"WebPage\",\"@id\":\"https:\\\/\\\/laporketaserrallo.com\\\/producto\\\/arroz-a-la-marinera\\\/\",\"url\":\"https:\\\/\\\/laporketaserrallo.com\\\/producto\\\/arroz-a-la-marinera\\\/\",\"name\":\"Arroz a la Marinera\",\"isPartOf\":{\"@id\":\"https:\\\/\\\/laporketaserrallo.com\\\/#website\"},\"primaryImageOfPage\":{\"@id\":\"https:\\\/\\\/laporketaserrallo.com\\\/producto\\\/arroz-a-la-marinera\\\/#primaryimage\"},\"image\":{\"@id\":\"https:\\\/\\\/laporketaserrallo.com\\\/producto\\\/arroz-a-la-marinera\\\/#primaryimage\"},\"thumbnailUrl\":\"https:\\\/\\\/laporketaserrallo.com\\\/wp-content\\\/uploads\\\/2023\\\/11\\\/gambas-galeras-y-mejillones.jpg\",\"datePublished\":\"2023-09-26T13:13:50+00:00\",\"dateModified\":\"2025-01-13T02:55:48+00:00\",\"description\":\"Arroz a la Marinera, una oda a los tesoros del mar. En este plato, la jugosa gamba roja, la exquisita galera, el suculento cangrejo, la tierna sepia....\",\"breadcrumb\":{\"@id\":\"https:\\\/\\\/laporketaserrallo.com\\\/producto\\\/arroz-a-la-marinera\\\/#breadcrumb\"},\"inLanguage\":\"ca\",\"potentialAction\":[{\"@type\":\"ReadAction\",\"target\":[\"https:\\\/\\\/laporketaserrallo.com\\\/producto\\\/arroz-a-la-marinera\\\/\"]}]},{\"@type\":\"ImageObject\",\"inLanguage\":\"ca\",\"@id\":\"https:\\\/\\\/laporketaserrallo.com\\\/producto\\\/arroz-a-la-marinera\\\/#primaryimage\",\"url\":\"https:\\\/\\\/laporketaserrallo.com\\\/wp-content\\\/uploads\\\/2023\\\/11\\\/gambas-galeras-y-mejillones.jpg\",\"contentUrl\":\"https:\\\/\\\/laporketaserrallo.com\\\/wp-content\\\/uploads\\\/2023\\\/11\\\/gambas-galeras-y-mejillones.jpg\",\"width\":2048,\"height\":1367,\"caption\":\"Arroz a la Marinera\"},{\"@type\":\"BreadcrumbList\",\"@id\":\"https:\\\/\\\/laporketaserrallo.com\\\/producto\\\/arroz-a-la-marinera\\\/#breadcrumb\",\"itemListElement\":[{\"@type\":\"ListItem\",\"position\":1,\"name\":\"Portada\",\"item\":\"https:\\\/\\\/laporketaserrallo.com\\\/\"},{\"@type\":\"ListItem\",\"position\":2,\"name\":\"Tienda\",\"item\":\"https:\\\/\\\/laporketaserrallo.com\\\/tienda\\\/\"},{\"@type\":\"ListItem\",\"position\":3,\"name\":\"Arroz a la Marinera\"}]},{\"@type\":\"WebSite\",\"@id\":\"https:\\\/\\\/laporketaserrallo.com\\\/#website\",\"url\":\"https:\\\/\\\/laporketaserrallo.com\\\/\",\"name\":\"La Porketa\",\"description\":\"Arrosseria del mar\",\"potentialAction\":[{\"@type\":\"SearchAction\",\"target\":{\"@type\":\"EntryPoint\",\"urlTemplate\":\"https:\\\/\\\/laporketaserrallo.com\\\/?s={search_term_string}\"},\"query-input\":{\"@type\":\"PropertyValueSpecification\",\"valueRequired\":true,\"valueName\":\"search_term_string\"}}],\"inLanguage\":\"ca\"}]}<\/script>\n<!-- \/ Yoast SEO plugin. -->","yoast_head_json":{"title":"Arroz a la Marinera","description":"Arroz a la Marinera, una oda a los tesoros del mar. En este plato, la jugosa gamba roja, la exquisita galera, el suculento cangrejo, la tierna sepia....","robots":{"index":"index","follow":"follow","max-snippet":"max-snippet:-1","max-image-preview":"max-image-preview:large","max-video-preview":"max-video-preview:-1"},"canonical":"https:\/\/laporketaserrallo.com\/ca\/producte\/arroz-a-la-marinera\/","og_locale":"ca_ES","og_type":"article","og_title":"Arroz a la Marinera","og_description":"Arroz a la Marinera, una oda a los tesoros del mar. En este plato, la jugosa gamba roja, la exquisita galera, el suculento cangrejo, la tierna sepia....","og_url":"https:\/\/laporketaserrallo.com\/ca\/wp-json\/wp\/v2\/product\/219","og_site_name":"La Porketa","article_modified_time":"2025-01-13T02:55:48+00:00","og_image":[{"width":301,"height":201,"url":"https:\/\/laporketaserrallo.com\/wp-content\/uploads\/2023\/09\/Porketa-16.webp","type":"image\/webp"}],"twitter_card":"summary_large_image","twitter_misc":{"Temps estimat de lectura":"1 minut"},"schema":{"@context":"https:\/\/schema.org","@graph":[{"@type":"WebPage","@id":"https:\/\/laporketaserrallo.com\/producto\/arroz-a-la-marinera\/","url":"https:\/\/laporketaserrallo.com\/producto\/arroz-a-la-marinera\/","name":"Arroz a la Marinera","isPartOf":{"@id":"https:\/\/laporketaserrallo.com\/#website"},"primaryImageOfPage":{"@id":"https:\/\/laporketaserrallo.com\/producto\/arroz-a-la-marinera\/#primaryimage"},"image":{"@id":"https:\/\/laporketaserrallo.com\/producto\/arroz-a-la-marinera\/#primaryimage"},"thumbnailUrl":"https:\/\/laporketaserrallo.com\/wp-content\/uploads\/2023\/11\/gambas-galeras-y-mejillones.jpg","datePublished":"2023-09-26T13:13:50+00:00","dateModified":"2025-01-13T02:55:48+00:00","description":"Arroz a la Marinera, una oda a los tesoros del mar. En este plato, la jugosa gamba roja, la exquisita galera, el suculento cangrejo, la tierna sepia....","breadcrumb":{"@id":"https:\/\/laporketaserrallo.com\/producto\/arroz-a-la-marinera\/#breadcrumb"},"inLanguage":"ca","potentialAction":[{"@type":"ReadAction","target":["https:\/\/laporketaserrallo.com\/producto\/arroz-a-la-marinera\/"]}]},{"@type":"ImageObject","inLanguage":"ca","@id":"https:\/\/laporketaserrallo.com\/producto\/arroz-a-la-marinera\/#primaryimage","url":"https:\/\/laporketaserrallo.com\/wp-content\/uploads\/2023\/11\/gambas-galeras-y-mejillones.jpg","contentUrl":"https:\/\/laporketaserrallo.com\/wp-content\/uploads\/2023\/11\/gambas-galeras-y-mejillones.jpg","width":2048,"height":1367,"caption":"Arroz a la Marinera"},{"@type":"BreadcrumbList","@id":"https:\/\/laporketaserrallo.com\/producto\/arroz-a-la-marinera\/#breadcrumb","itemListElement":[{"@type":"ListItem","position":1,"name":"Portada","item":"https:\/\/laporketaserrallo.com\/"},{"@type":"ListItem","position":2,"name":"Tienda","item":"https:\/\/laporketaserrallo.com\/tienda\/"},{"@type":"ListItem","position":3,"name":"Arroz a la Marinera"}]},{"@type":"WebSite","@id":"https:\/\/laporketaserrallo.com\/#website","url":"https:\/\/laporketaserrallo.com\/","name":"La Porketa","description":"Arrosseria del mar","potentialAction":[{"@type":"SearchAction","target":{"@type":"EntryPoint","urlTemplate":"https:\/\/laporketaserrallo.com\/?s={search_term_string}"},"query-input":{"@type":"PropertyValueSpecification","valueRequired":true,"valueName":"search_term_string"}}],"inLanguage":"ca"}]}},"_links":{"self":[{"href":"https:\/\/laporketaserrallo.com\/ca\/wp-json\/wp\/v2\/product\/219","targetHints":{"allow":["GET"]}}],"collection":[{"href":"https:\/\/laporketaserrallo.com\/ca\/wp-json\/wp\/v2\/product"}],"about":[{"href":"https:\/\/laporketaserrallo.com\/ca\/wp-json\/wp\/v2\/types\/product"}],"replies":[{"embeddable":true,"href":"https:\/\/laporketaserrallo.com\/ca\/wp-json\/wp\/v2\/comments?post=219"}],"wp:featuredmedia":[{"embeddable":true,"href":"https:\/\/laporketaserrallo.com\/ca\/wp-json\/wp\/v2\/media\/492"}],"wp:attachment":[{"href":"https:\/\/laporketaserrallo.com\/ca\/wp-json\/wp\/v2\/media?parent=219"}],"wp:term":[{"taxonomy":"product_brand","embeddable":true,"href":"https:\/\/laporketaserrallo.com\/ca\/wp-json\/wp\/v2\/product_brand?post=219"},{"taxonomy":"product_cat","embeddable":true,"href":"https:\/\/laporketaserrallo.com\/ca\/wp-json\/wp\/v2\/product_cat?post=219"},{"taxonomy":"product_tag","embeddable":true,"href":"https:\/\/laporketaserrallo.com\/ca\/wp-json\/wp\/v2\/product_tag?post=219"}],"curies":[{"name":"wp","href":"https:\/\/api.w.org\/{rel}","templated":true}]}}