{"id":220,"date":"2023-09-26T13:14:35","date_gmt":"2023-09-26T13:14:35","guid":{"rendered":"https:\/\/laughing-turing.82-223-217-119.plesk.page\/?post_type=product&#038;p=220"},"modified":"2025-01-13T02:56:04","modified_gmt":"2025-01-13T02:56:04","slug":"arroz-de-calamares-con-morcilla","status":"publish","type":"product","link":"https:\/\/laporketaserrallo.com\/ca\/producte\/arroz-de-calamares-con-morcilla\/","title":{"rendered":"Arroz de Calamares con morcilla"},"content":{"rendered":"<p>Sum\u00e9rgete en la indulgencia de nuestro Arroz de Calamares con Morcilla, una sinfon\u00eda de sabores del mar y la tierra en cada tenedorada. Los calamares, tiernos y llenos de sabor marino, se mezclan armoniosamente con la rica y sabrosa morcilla, creando una experiencia culinaria que deleita los sentidos. El arroz, h\u00e1bilmente cocido, absorbe los jugos y aromas, dando vida a una paleta de sabores que evocan tradici\u00f3n y sofisticaci\u00f3n. Este plato es un homenaje a la fusi\u00f3n perfecta entre la frescura del mar y la intensidad de la morcilla, ofreciendo a cada comensal una experiencia gastron\u00f3mica inolvidable.<\/p>","protected":false},"excerpt":{"rendered":"<p>Calamar, morcilla de cebolla y sepia de playa<\/p>","protected":false},"featured_media":494,"comment_status":"open","ping_status":"closed","template":"","meta":{"_acf_changed":false,"_et_pb_use_builder":"","_et_pb_old_content":"","_et_gb_content_width":""},"product_brand":[],"product_cat":[18],"product_tag":[],"class_list":{"0":"post-220","1":"product","2":"type-product","3":"status-publish","4":"has-post-thumbnail","6":"product_cat-sin-categorizar","8":"first","9":"instock","10":"shipping-taxable","11":"purchasable","12":"product-type-simple"},"acf":[],"yoast_head":"<!-- This site is optimized with the Yoast SEO plugin v27.4 - https:\/\/yoast.com\/product\/yoast-seo-wordpress\/ -->\n<title>Arroz de Calamares con morcilla<\/title>\n<meta name=\"description\" content=\"Arroz de Calamares con Morcilla, una sinfon\u00eda de sabores del mar y la tierra en cada tenedorada. Los calamares, tiernos y llenos de sabor marino...\" \/>\n<meta name=\"robots\" content=\"index, follow, max-snippet:-1, max-image-preview:large, max-video-preview:-1\" \/>\n<link rel=\"canonical\" href=\"https:\/\/laporketaserrallo.com\/ca\/producte\/arroz-de-calamares-con-morcilla\/\" \/>\n<meta property=\"og:locale\" content=\"ca_ES\" \/>\n<meta property=\"og:type\" content=\"article\" \/>\n<meta property=\"og:title\" content=\"Arroz de Calamares con morcilla\" \/>\n<meta property=\"og:description\" content=\"Arroz de Calamares con Morcilla, una sinfon\u00eda de sabores del mar y la tierra en cada tenedorada. Los calamares, tiernos y llenos de sabor marino...\" \/>\n<meta property=\"og:url\" content=\"https:\/\/laporketaserrallo.com\/ca\/wp-json\/wp\/v2\/product\/220\" \/>\n<meta property=\"og:site_name\" content=\"La Porketa\" \/>\n<meta property=\"article:modified_time\" content=\"2025-01-13T02:56:04+00:00\" \/>\n<meta property=\"og:image\" content=\"https:\/\/laporketaserrallo.com\/wp-content\/uploads\/2023\/09\/Porketa-17.webp\" \/>\n\t<meta property=\"og:image:width\" content=\"301\" \/>\n\t<meta property=\"og:image:height\" content=\"201\" \/>\n\t<meta property=\"og:image:type\" content=\"image\/webp\" \/>\n<meta name=\"twitter:card\" content=\"summary_large_image\" \/>\n<meta name=\"twitter:label1\" content=\"Temps estimat de lectura\" \/>\n\t<meta name=\"twitter:data1\" content=\"1 minut\" \/>\n<script type=\"application\/ld+json\" class=\"yoast-schema-graph\">{\"@context\":\"https:\\\/\\\/schema.org\",\"@graph\":[{\"@type\":\"WebPage\",\"@id\":\"https:\\\/\\\/laporketaserrallo.com\\\/producto\\\/arroz-de-calamares-con-morcilla\\\/\",\"url\":\"https:\\\/\\\/laporketaserrallo.com\\\/producto\\\/arroz-de-calamares-con-morcilla\\\/\",\"name\":\"Arroz de Calamares con morcilla\",\"isPartOf\":{\"@id\":\"https:\\\/\\\/laporketaserrallo.com\\\/#website\"},\"primaryImageOfPage\":{\"@id\":\"https:\\\/\\\/laporketaserrallo.com\\\/producto\\\/arroz-de-calamares-con-morcilla\\\/#primaryimage\"},\"image\":{\"@id\":\"https:\\\/\\\/laporketaserrallo.com\\\/producto\\\/arroz-de-calamares-con-morcilla\\\/#primaryimage\"},\"thumbnailUrl\":\"https:\\\/\\\/laporketaserrallo.com\\\/wp-content\\\/uploads\\\/2023\\\/11\\\/morcilla-y-calamares.jpg\",\"datePublished\":\"2023-09-26T13:14:35+00:00\",\"dateModified\":\"2025-01-13T02:56:04+00:00\",\"description\":\"Arroz de Calamares con Morcilla, una sinfon\u00eda de sabores del mar y la tierra en cada tenedorada. Los calamares, tiernos y llenos de sabor marino...\",\"breadcrumb\":{\"@id\":\"https:\\\/\\\/laporketaserrallo.com\\\/producto\\\/arroz-de-calamares-con-morcilla\\\/#breadcrumb\"},\"inLanguage\":\"ca\",\"potentialAction\":[{\"@type\":\"ReadAction\",\"target\":[\"https:\\\/\\\/laporketaserrallo.com\\\/producto\\\/arroz-de-calamares-con-morcilla\\\/\"]}]},{\"@type\":\"ImageObject\",\"inLanguage\":\"ca\",\"@id\":\"https:\\\/\\\/laporketaserrallo.com\\\/producto\\\/arroz-de-calamares-con-morcilla\\\/#primaryimage\",\"url\":\"https:\\\/\\\/laporketaserrallo.com\\\/wp-content\\\/uploads\\\/2023\\\/11\\\/morcilla-y-calamares.jpg\",\"contentUrl\":\"https:\\\/\\\/laporketaserrallo.com\\\/wp-content\\\/uploads\\\/2023\\\/11\\\/morcilla-y-calamares.jpg\",\"width\":2048,\"height\":1333,\"caption\":\"Arroz de Calamares con morcilla\"},{\"@type\":\"BreadcrumbList\",\"@id\":\"https:\\\/\\\/laporketaserrallo.com\\\/producto\\\/arroz-de-calamares-con-morcilla\\\/#breadcrumb\",\"itemListElement\":[{\"@type\":\"ListItem\",\"position\":1,\"name\":\"Portada\",\"item\":\"https:\\\/\\\/laporketaserrallo.com\\\/\"},{\"@type\":\"ListItem\",\"position\":2,\"name\":\"Tienda\",\"item\":\"https:\\\/\\\/laporketaserrallo.com\\\/tienda\\\/\"},{\"@type\":\"ListItem\",\"position\":3,\"name\":\"Arroz de Calamares con morcilla\"}]},{\"@type\":\"WebSite\",\"@id\":\"https:\\\/\\\/laporketaserrallo.com\\\/#website\",\"url\":\"https:\\\/\\\/laporketaserrallo.com\\\/\",\"name\":\"La Porketa\",\"description\":\"Arrosseria del mar\",\"potentialAction\":[{\"@type\":\"SearchAction\",\"target\":{\"@type\":\"EntryPoint\",\"urlTemplate\":\"https:\\\/\\\/laporketaserrallo.com\\\/?s={search_term_string}\"},\"query-input\":{\"@type\":\"PropertyValueSpecification\",\"valueRequired\":true,\"valueName\":\"search_term_string\"}}],\"inLanguage\":\"ca\"}]}<\/script>\n<!-- \/ Yoast SEO plugin. -->","yoast_head_json":{"title":"Arroz de Calamares con morcilla","description":"Arroz de Calamares con Morcilla, una sinfon\u00eda de sabores del mar y la tierra en cada tenedorada. Los calamares, tiernos y llenos de sabor marino...","robots":{"index":"index","follow":"follow","max-snippet":"max-snippet:-1","max-image-preview":"max-image-preview:large","max-video-preview":"max-video-preview:-1"},"canonical":"https:\/\/laporketaserrallo.com\/ca\/producte\/arroz-de-calamares-con-morcilla\/","og_locale":"ca_ES","og_type":"article","og_title":"Arroz de Calamares con morcilla","og_description":"Arroz de Calamares con Morcilla, una sinfon\u00eda de sabores del mar y la tierra en cada tenedorada. Los calamares, tiernos y llenos de sabor marino...","og_url":"https:\/\/laporketaserrallo.com\/ca\/wp-json\/wp\/v2\/product\/220","og_site_name":"La Porketa","article_modified_time":"2025-01-13T02:56:04+00:00","og_image":[{"width":301,"height":201,"url":"https:\/\/laporketaserrallo.com\/wp-content\/uploads\/2023\/09\/Porketa-17.webp","type":"image\/webp"}],"twitter_card":"summary_large_image","twitter_misc":{"Temps estimat de lectura":"1 minut"},"schema":{"@context":"https:\/\/schema.org","@graph":[{"@type":"WebPage","@id":"https:\/\/laporketaserrallo.com\/producto\/arroz-de-calamares-con-morcilla\/","url":"https:\/\/laporketaserrallo.com\/producto\/arroz-de-calamares-con-morcilla\/","name":"Arroz de Calamares con morcilla","isPartOf":{"@id":"https:\/\/laporketaserrallo.com\/#website"},"primaryImageOfPage":{"@id":"https:\/\/laporketaserrallo.com\/producto\/arroz-de-calamares-con-morcilla\/#primaryimage"},"image":{"@id":"https:\/\/laporketaserrallo.com\/producto\/arroz-de-calamares-con-morcilla\/#primaryimage"},"thumbnailUrl":"https:\/\/laporketaserrallo.com\/wp-content\/uploads\/2023\/11\/morcilla-y-calamares.jpg","datePublished":"2023-09-26T13:14:35+00:00","dateModified":"2025-01-13T02:56:04+00:00","description":"Arroz de Calamares con Morcilla, una sinfon\u00eda de sabores del mar y la tierra en cada tenedorada. Los calamares, tiernos y llenos de sabor marino...","breadcrumb":{"@id":"https:\/\/laporketaserrallo.com\/producto\/arroz-de-calamares-con-morcilla\/#breadcrumb"},"inLanguage":"ca","potentialAction":[{"@type":"ReadAction","target":["https:\/\/laporketaserrallo.com\/producto\/arroz-de-calamares-con-morcilla\/"]}]},{"@type":"ImageObject","inLanguage":"ca","@id":"https:\/\/laporketaserrallo.com\/producto\/arroz-de-calamares-con-morcilla\/#primaryimage","url":"https:\/\/laporketaserrallo.com\/wp-content\/uploads\/2023\/11\/morcilla-y-calamares.jpg","contentUrl":"https:\/\/laporketaserrallo.com\/wp-content\/uploads\/2023\/11\/morcilla-y-calamares.jpg","width":2048,"height":1333,"caption":"Arroz de Calamares con morcilla"},{"@type":"BreadcrumbList","@id":"https:\/\/laporketaserrallo.com\/producto\/arroz-de-calamares-con-morcilla\/#breadcrumb","itemListElement":[{"@type":"ListItem","position":1,"name":"Portada","item":"https:\/\/laporketaserrallo.com\/"},{"@type":"ListItem","position":2,"name":"Tienda","item":"https:\/\/laporketaserrallo.com\/tienda\/"},{"@type":"ListItem","position":3,"name":"Arroz de Calamares con morcilla"}]},{"@type":"WebSite","@id":"https:\/\/laporketaserrallo.com\/#website","url":"https:\/\/laporketaserrallo.com\/","name":"La Porketa","description":"Arrosseria del mar","potentialAction":[{"@type":"SearchAction","target":{"@type":"EntryPoint","urlTemplate":"https:\/\/laporketaserrallo.com\/?s={search_term_string}"},"query-input":{"@type":"PropertyValueSpecification","valueRequired":true,"valueName":"search_term_string"}}],"inLanguage":"ca"}]}},"_links":{"self":[{"href":"https:\/\/laporketaserrallo.com\/ca\/wp-json\/wp\/v2\/product\/220","targetHints":{"allow":["GET"]}}],"collection":[{"href":"https:\/\/laporketaserrallo.com\/ca\/wp-json\/wp\/v2\/product"}],"about":[{"href":"https:\/\/laporketaserrallo.com\/ca\/wp-json\/wp\/v2\/types\/product"}],"replies":[{"embeddable":true,"href":"https:\/\/laporketaserrallo.com\/ca\/wp-json\/wp\/v2\/comments?post=220"}],"wp:featuredmedia":[{"embeddable":true,"href":"https:\/\/laporketaserrallo.com\/ca\/wp-json\/wp\/v2\/media\/494"}],"wp:attachment":[{"href":"https:\/\/laporketaserrallo.com\/ca\/wp-json\/wp\/v2\/media?parent=220"}],"wp:term":[{"taxonomy":"product_brand","embeddable":true,"href":"https:\/\/laporketaserrallo.com\/ca\/wp-json\/wp\/v2\/product_brand?post=220"},{"taxonomy":"product_cat","embeddable":true,"href":"https:\/\/laporketaserrallo.com\/ca\/wp-json\/wp\/v2\/product_cat?post=220"},{"taxonomy":"product_tag","embeddable":true,"href":"https:\/\/laporketaserrallo.com\/ca\/wp-json\/wp\/v2\/product_tag?post=220"}],"curies":[{"name":"wp","href":"https:\/\/api.w.org\/{rel}","templated":true}]}}