{"id":225,"date":"2023-09-26T13:19:37","date_gmt":"2023-09-26T13:19:37","guid":{"rendered":"https:\/\/laughing-turing.82-223-217-119.plesk.page\/?post_type=product&#038;p=225"},"modified":"2025-01-13T02:57:26","modified_gmt":"2025-01-13T02:57:26","slug":"arroz-de-all-cremat-con-necora","status":"publish","type":"product","link":"https:\/\/laporketaserrallo.com\/ca\/producte\/arroz-de-all-cremat-con-necora\/","title":{"rendered":"Arroz de all cremat con N\u00e9cora"},"content":{"rendered":"<p>Explora una fusi\u00f3n extraordinaria de sabores en nuestro Arroz de All Cremat con Necora. Este plato cautivador combina la riqueza del all i pebre, impregnado con aromas intensos de ajo y piment\u00f3n, con la exquisitez de la necora fresca. Cada bocado es una sinfon\u00eda de texturas, donde el arroz absorbe los sabores marinos y terrosos, creando una experiencia culinaria \u00fanica. La cremosidad del all i pebre se equilibra perfectamente con la carne jugosa de la necora, ofreciendo una deliciosa explosi\u00f3n de sabores que transporta tus sentidos a las costas mediterr\u00e1neas. Un fest\u00edn para los amantes de la cocina gourmet que buscan la perfecci\u00f3n en cada plato.<\/p>","protected":false},"excerpt":{"rendered":"<p>N\u00e9cora, sepia de playa y mejillones<\/p>","protected":false},"featured_media":489,"comment_status":"open","ping_status":"closed","template":"","meta":{"_acf_changed":false,"_et_pb_use_builder":"","_et_pb_old_content":"","_et_gb_content_width":""},"product_brand":[],"product_cat":[18],"product_tag":[],"class_list":{"0":"post-225","1":"product","2":"type-product","3":"status-publish","4":"has-post-thumbnail","6":"product_cat-sin-categorizar","8":"first","9":"instock","10":"shipping-taxable","11":"purchasable","12":"product-type-simple"},"acf":[],"yoast_head":"<!-- This site is optimized with the Yoast SEO plugin v27.4 - https:\/\/yoast.com\/product\/yoast-seo-wordpress\/ -->\n<title>Arroz de all cremat con N\u00e9cora - La Porketa<\/title>\n<meta name=\"description\" content=\"Arroz de All cremat con N\u00e9cora. Este plato cautivador combina la riqueza del all i pebre, impregnado con aromas intensos de ajo y piment\u00f3n.\" \/>\n<meta name=\"robots\" content=\"index, follow, max-snippet:-1, max-image-preview:large, max-video-preview:-1\" \/>\n<link rel=\"canonical\" href=\"https:\/\/laporketaserrallo.com\/ca\/producte\/arroz-de-all-cremat-con-necora\/\" \/>\n<meta property=\"og:locale\" content=\"ca_ES\" \/>\n<meta property=\"og:type\" content=\"article\" \/>\n<meta property=\"og:title\" content=\"Arroz de all cremat con N\u00e9cora - La Porketa\" \/>\n<meta property=\"og:description\" content=\"Arroz de All cremat con N\u00e9cora. Este plato cautivador combina la riqueza del all i pebre, impregnado con aromas intensos de ajo y piment\u00f3n.\" \/>\n<meta property=\"og:url\" content=\"https:\/\/laporketaserrallo.com\/ca\/wp-json\/wp\/v2\/product\/225\" \/>\n<meta property=\"og:site_name\" content=\"La Porketa\" \/>\n<meta property=\"article:modified_time\" content=\"2025-01-13T02:57:26+00:00\" \/>\n<meta property=\"og:image\" content=\"https:\/\/laporketaserrallo.com\/wp-content\/uploads\/2023\/09\/Porketa-18.webp\" \/>\n\t<meta property=\"og:image:width\" content=\"301\" \/>\n\t<meta property=\"og:image:height\" content=\"201\" \/>\n\t<meta property=\"og:image:type\" content=\"image\/webp\" \/>\n<meta name=\"twitter:card\" content=\"summary_large_image\" \/>\n<meta name=\"twitter:label1\" content=\"Temps estimat de lectura\" \/>\n\t<meta name=\"twitter:data1\" content=\"1 minut\" \/>\n<script type=\"application\/ld+json\" class=\"yoast-schema-graph\">{\"@context\":\"https:\\\/\\\/schema.org\",\"@graph\":[{\"@type\":\"WebPage\",\"@id\":\"https:\\\/\\\/laporketaserrallo.com\\\/producto\\\/arroz-de-all-cremat-con-necora\\\/\",\"url\":\"https:\\\/\\\/laporketaserrallo.com\\\/producto\\\/arroz-de-all-cremat-con-necora\\\/\",\"name\":\"Arroz de all cremat con N\u00e9cora - La Porketa\",\"isPartOf\":{\"@id\":\"https:\\\/\\\/laporketaserrallo.com\\\/#website\"},\"primaryImageOfPage\":{\"@id\":\"https:\\\/\\\/laporketaserrallo.com\\\/producto\\\/arroz-de-all-cremat-con-necora\\\/#primaryimage\"},\"image\":{\"@id\":\"https:\\\/\\\/laporketaserrallo.com\\\/producto\\\/arroz-de-all-cremat-con-necora\\\/#primaryimage\"},\"thumbnailUrl\":\"https:\\\/\\\/laporketaserrallo.com\\\/wp-content\\\/uploads\\\/2023\\\/11\\\/cangrejo-y-mejillones-2.jpg\",\"datePublished\":\"2023-09-26T13:19:37+00:00\",\"dateModified\":\"2025-01-13T02:57:26+00:00\",\"description\":\"Arroz de All cremat con N\u00e9cora. Este plato cautivador combina la riqueza del all i pebre, impregnado con aromas intensos de ajo y piment\u00f3n.\",\"breadcrumb\":{\"@id\":\"https:\\\/\\\/laporketaserrallo.com\\\/producto\\\/arroz-de-all-cremat-con-necora\\\/#breadcrumb\"},\"inLanguage\":\"ca\",\"potentialAction\":[{\"@type\":\"ReadAction\",\"target\":[\"https:\\\/\\\/laporketaserrallo.com\\\/producto\\\/arroz-de-all-cremat-con-necora\\\/\"]}]},{\"@type\":\"ImageObject\",\"inLanguage\":\"ca\",\"@id\":\"https:\\\/\\\/laporketaserrallo.com\\\/producto\\\/arroz-de-all-cremat-con-necora\\\/#primaryimage\",\"url\":\"https:\\\/\\\/laporketaserrallo.com\\\/wp-content\\\/uploads\\\/2023\\\/11\\\/cangrejo-y-mejillones-2.jpg\",\"contentUrl\":\"https:\\\/\\\/laporketaserrallo.com\\\/wp-content\\\/uploads\\\/2023\\\/11\\\/cangrejo-y-mejillones-2.jpg\",\"width\":2048,\"height\":1404,\"caption\":\"Arroz de all cremat con n\u00e9cora\"},{\"@type\":\"BreadcrumbList\",\"@id\":\"https:\\\/\\\/laporketaserrallo.com\\\/producto\\\/arroz-de-all-cremat-con-necora\\\/#breadcrumb\",\"itemListElement\":[{\"@type\":\"ListItem\",\"position\":1,\"name\":\"Portada\",\"item\":\"https:\\\/\\\/laporketaserrallo.com\\\/\"},{\"@type\":\"ListItem\",\"position\":2,\"name\":\"Tienda\",\"item\":\"https:\\\/\\\/laporketaserrallo.com\\\/tienda\\\/\"},{\"@type\":\"ListItem\",\"position\":3,\"name\":\"Arroz de all cremat con N\u00e9cora\"}]},{\"@type\":\"WebSite\",\"@id\":\"https:\\\/\\\/laporketaserrallo.com\\\/#website\",\"url\":\"https:\\\/\\\/laporketaserrallo.com\\\/\",\"name\":\"La Porketa\",\"description\":\"Arrosseria del mar\",\"potentialAction\":[{\"@type\":\"SearchAction\",\"target\":{\"@type\":\"EntryPoint\",\"urlTemplate\":\"https:\\\/\\\/laporketaserrallo.com\\\/?s={search_term_string}\"},\"query-input\":{\"@type\":\"PropertyValueSpecification\",\"valueRequired\":true,\"valueName\":\"search_term_string\"}}],\"inLanguage\":\"ca\"}]}<\/script>\n<!-- \/ Yoast SEO plugin. -->","yoast_head_json":{"title":"Arroz de all cremat con N\u00e9cora - La Porketa","description":"Arroz de All cremat con N\u00e9cora. Este plato cautivador combina la riqueza del all i pebre, impregnado con aromas intensos de ajo y piment\u00f3n.","robots":{"index":"index","follow":"follow","max-snippet":"max-snippet:-1","max-image-preview":"max-image-preview:large","max-video-preview":"max-video-preview:-1"},"canonical":"https:\/\/laporketaserrallo.com\/ca\/producte\/arroz-de-all-cremat-con-necora\/","og_locale":"ca_ES","og_type":"article","og_title":"Arroz de all cremat con N\u00e9cora - La Porketa","og_description":"Arroz de All cremat con N\u00e9cora. Este plato cautivador combina la riqueza del all i pebre, impregnado con aromas intensos de ajo y piment\u00f3n.","og_url":"https:\/\/laporketaserrallo.com\/ca\/wp-json\/wp\/v2\/product\/225","og_site_name":"La Porketa","article_modified_time":"2025-01-13T02:57:26+00:00","og_image":[{"width":301,"height":201,"url":"https:\/\/laporketaserrallo.com\/wp-content\/uploads\/2023\/09\/Porketa-18.webp","type":"image\/webp"}],"twitter_card":"summary_large_image","twitter_misc":{"Temps estimat de lectura":"1 minut"},"schema":{"@context":"https:\/\/schema.org","@graph":[{"@type":"WebPage","@id":"https:\/\/laporketaserrallo.com\/producto\/arroz-de-all-cremat-con-necora\/","url":"https:\/\/laporketaserrallo.com\/producto\/arroz-de-all-cremat-con-necora\/","name":"Arroz de all cremat con N\u00e9cora - La Porketa","isPartOf":{"@id":"https:\/\/laporketaserrallo.com\/#website"},"primaryImageOfPage":{"@id":"https:\/\/laporketaserrallo.com\/producto\/arroz-de-all-cremat-con-necora\/#primaryimage"},"image":{"@id":"https:\/\/laporketaserrallo.com\/producto\/arroz-de-all-cremat-con-necora\/#primaryimage"},"thumbnailUrl":"https:\/\/laporketaserrallo.com\/wp-content\/uploads\/2023\/11\/cangrejo-y-mejillones-2.jpg","datePublished":"2023-09-26T13:19:37+00:00","dateModified":"2025-01-13T02:57:26+00:00","description":"Arroz de All cremat con N\u00e9cora. Este plato cautivador combina la riqueza del all i pebre, impregnado con aromas intensos de ajo y piment\u00f3n.","breadcrumb":{"@id":"https:\/\/laporketaserrallo.com\/producto\/arroz-de-all-cremat-con-necora\/#breadcrumb"},"inLanguage":"ca","potentialAction":[{"@type":"ReadAction","target":["https:\/\/laporketaserrallo.com\/producto\/arroz-de-all-cremat-con-necora\/"]}]},{"@type":"ImageObject","inLanguage":"ca","@id":"https:\/\/laporketaserrallo.com\/producto\/arroz-de-all-cremat-con-necora\/#primaryimage","url":"https:\/\/laporketaserrallo.com\/wp-content\/uploads\/2023\/11\/cangrejo-y-mejillones-2.jpg","contentUrl":"https:\/\/laporketaserrallo.com\/wp-content\/uploads\/2023\/11\/cangrejo-y-mejillones-2.jpg","width":2048,"height":1404,"caption":"Arroz de all cremat con n\u00e9cora"},{"@type":"BreadcrumbList","@id":"https:\/\/laporketaserrallo.com\/producto\/arroz-de-all-cremat-con-necora\/#breadcrumb","itemListElement":[{"@type":"ListItem","position":1,"name":"Portada","item":"https:\/\/laporketaserrallo.com\/"},{"@type":"ListItem","position":2,"name":"Tienda","item":"https:\/\/laporketaserrallo.com\/tienda\/"},{"@type":"ListItem","position":3,"name":"Arroz de all cremat con N\u00e9cora"}]},{"@type":"WebSite","@id":"https:\/\/laporketaserrallo.com\/#website","url":"https:\/\/laporketaserrallo.com\/","name":"La Porketa","description":"Arrosseria del mar","potentialAction":[{"@type":"SearchAction","target":{"@type":"EntryPoint","urlTemplate":"https:\/\/laporketaserrallo.com\/?s={search_term_string}"},"query-input":{"@type":"PropertyValueSpecification","valueRequired":true,"valueName":"search_term_string"}}],"inLanguage":"ca"}]}},"_links":{"self":[{"href":"https:\/\/laporketaserrallo.com\/ca\/wp-json\/wp\/v2\/product\/225","targetHints":{"allow":["GET"]}}],"collection":[{"href":"https:\/\/laporketaserrallo.com\/ca\/wp-json\/wp\/v2\/product"}],"about":[{"href":"https:\/\/laporketaserrallo.com\/ca\/wp-json\/wp\/v2\/types\/product"}],"replies":[{"embeddable":true,"href":"https:\/\/laporketaserrallo.com\/ca\/wp-json\/wp\/v2\/comments?post=225"}],"wp:featuredmedia":[{"embeddable":true,"href":"https:\/\/laporketaserrallo.com\/ca\/wp-json\/wp\/v2\/media\/489"}],"wp:attachment":[{"href":"https:\/\/laporketaserrallo.com\/ca\/wp-json\/wp\/v2\/media?parent=225"}],"wp:term":[{"taxonomy":"product_brand","embeddable":true,"href":"https:\/\/laporketaserrallo.com\/ca\/wp-json\/wp\/v2\/product_brand?post=225"},{"taxonomy":"product_cat","embeddable":true,"href":"https:\/\/laporketaserrallo.com\/ca\/wp-json\/wp\/v2\/product_cat?post=225"},{"taxonomy":"product_tag","embeddable":true,"href":"https:\/\/laporketaserrallo.com\/ca\/wp-json\/wp\/v2\/product_tag?post=225"}],"curies":[{"name":"wp","href":"https:\/\/api.w.org\/{rel}","templated":true}]}}